{"id":2567,"date":"2020-12-29T04:52:50","date_gmt":"2020-12-29T04:52:50","guid":{"rendered":"https:\/\/www.mastertecmx.com.mx\/tienda\/?page_id=2567"},"modified":"2021-01-25T20:51:23","modified_gmt":"2021-01-26T02:51:23","slug":"terminos-y-condiciones","status":"publish","type":"page","link":"https:\/\/www.mastertecmx.com.mx\/tienda\/terminos-y-condiciones\/","title":{"rendered":"T\u00e9rminos y Condiciones"},"content":{"rendered":"\t\t<div data-elementor-type=\"wp-page\" data-elementor-id=\"2567\" class=\"elementor elementor-2567\">\n\t\t\t\t\t\t<section class=\"elementor-section elementor-top-section elementor-element elementor-element-71ca349 elementor-section-boxed elementor-section-height-default elementor-section-height-default\" data-id=\"71ca349\" data-element_type=\"section\">\n\t\t\t\t\t\t<div class=\"elementor-container elementor-column-gap-default\">\n\t\t\t\t\t<div class=\"elementor-column elementor-col-100 elementor-top-column elementor-element elementor-element-f84b316\" data-id=\"f84b316\" data-element_type=\"column\">\n\t\t\t<div class=\"elementor-widget-wrap elementor-element-populated\">\n\t\t\t\t\t\t<div class=\"elementor-element elementor-element-702ce9f elementor-widget elementor-widget-heading\" data-id=\"702ce9f\" data-element_type=\"widget\" data-widget_type=\"heading.default\">\n\t\t\t\t<div class=\"elementor-widget-container\">\n\t\t\t\t\t<h2 class=\"elementor-heading-title elementor-size-default\">T\u00e9rminos y Condiciones<\/h2>\t\t\t\t<\/div>\n\t\t\t\t<\/div>\n\t\t\t\t<div class=\"elementor-element elementor-element-99aaec2 elementor-widget elementor-widget-text-editor\" data-id=\"99aaec2\" data-element_type=\"widget\" data-widget_type=\"text-editor.default\">\n\t\t\t\t<div class=\"elementor-widget-container\">\n\t\t\t\t\t\t\t\t\t<p><strong>Introducci\u00f3n<\/strong><br \/>Estos T\u00e9rminos y condiciones est\u00e1ndar del sitio web escritos en esta p\u00e1gina web deben administrar su uso de nuestro sitio web, Mastertec S.A. de C.V. accesible en https:\/\/www.mastertecmx.com.mx\/tienda<\/p><p>Estos T\u00e9rminos se aplicar\u00e1n completamente y afectar\u00e1n su uso de este Sitio web. Al utilizar este sitio web, acept\u00f3 todos los t\u00e9rminos y condiciones escritos aqu\u00ed. No debe usar este sitio web si no est\u00e1 de acuerdo con cualquiera de estos T\u00e9rminos y condiciones est\u00e1ndar del sitio web.<\/p><p>Los menores de edad o menores de 18 a\u00f1os no pueden usar este sitio web.<\/p><p><strong>Derechos de propiedad intelectual<\/strong><br \/>Adem\u00e1s del contenido que posee, en virtud de estos T\u00e9rminos, Mastertec S.A. de C.V. y \/ o sus licenciatarios son propietarios de todos los derechos de propiedad intelectual y los materiales contenidos en este sitio web.<\/p><p>Se le otorga una licencia limitada solo para los fines de ver el material contenido en este sitio web.<\/p><p><strong>Las restricciones<\/strong><br \/>Usted est\u00e1 espec\u00edficamente restringido de todo lo siguiente:<\/p><p>publicar cualquier material del sitio web en cualquier otro medio;<br \/>vender, sublicenciar y \/ o comercializar cualquier material del sitio web;<br \/>realizar p\u00fablicamente y \/ o mostrar cualquier material del sitio web;<br \/>usar este sitio web de cualquier manera que sea o pueda ser perjudicial para este sitio web;<br \/>usar este sitio web de cualquier manera que afecte el acceso de los usuarios a este sitio web;<br \/>el uso de este sitio web en contra de las leyes y regulaciones aplicables, o de cualquier manera puede causar da\u00f1os al sitio web, oa cualquier persona o entidad comercial;<br \/>participar en cualquier extracci\u00f3n de datos, recolecci\u00f3n de datos, extracci\u00f3n de datos o cualquier otra actividad similar en relaci\u00f3n con este sitio web;<br \/>El uso de este sitio web para participar en cualquier publicidad o marketing.<br \/>Ciertas \u00e1reas de este sitio web no pueden acceder a usted y Mastertec S.A. de C.V. puede restringir a\u00fan m\u00e1s su acceso a cualquier \u00e1rea de este sitio web, en cualquier momento y con absoluta discreci\u00f3n. Cualquier ID de usuario y contrase\u00f1a que pueda tener para este sitio web son confidenciales y tambi\u00e9n debe mantener la confidencialidad.<\/p><p><strong>Tu privacidad<\/strong><br \/>Por favor lea nuestra Pol\u00edtica de Privacidad en www.mastertecmx.com.mx\/politica-privacidad<\/p><p>Su Contenido debe ser suyo y no debe invadir los derechos de terceros. Mastertec S.A. de C.V. se reserva el derecho de eliminar su Contenido de este sitio web en cualquier momento sin previo aviso.<\/p><p><strong>Sin garant\u00edas<\/strong><br \/>Este sitio web se proporciona \u201ctal cual\u201d, con todas las fallas, y Mastertec S.A. de C.V. no expresa representaciones ni garant\u00edas de ning\u00fan tipo relacionadas con este sitio web o los materiales contenidos en este sitio web. Adem\u00e1s, nada de lo contenido en este sitio web se interpretar\u00e1 como un aviso.<\/p><p><strong>Limitaci\u00f3n de responsabilidad<\/strong><br \/>En ning\u00fan caso, Mastertec S.A. de C.V., ni ninguno de sus funcionarios, directores y empleados, ser\u00e1n responsables de cualquier cosa que surja o est\u00e9 relacionada de alguna manera con el uso que usted haga de este sitio web si dicha responsabilidad est\u00e1 bajo contrato. La Mastertec S.A. de C.V., incluidos sus funcionarios, directores y empleados, no ser\u00e1 responsable de ninguna responsabilidad indirecta, consecuente o especial que surja de, o de cualquier manera, relacionada con su uso de este sitio web.<\/p><p><strong>Responsabilidad<\/strong><br \/>Hay casos en los cuales una orden de compra puede no ser procesada por circunstancias ajenas a nosotros y las cuales no pueden ser previstas, circunstancias en las cuales interviene la fuerza mayor o el caso fortuito, en ese sentido, www.mastertecmx.com.mx\/tienda, informara al cliente de inmediato el motivo por el cual no fue posible procesar una orden, restituyendo cualquier cantidad cobrada al suscriptor, dejando claro que en este proceso se puede pedir informaci\u00f3n adicional para completar el proceso de reembolso.<\/p><p><strong>Indemnizaci\u00f3n<\/strong><br \/>Por la presente, usted indemniza en la mayor medida posible a Mastertec S.A. de C.V. desde y contra cualquiera y \/ o todas las responsabilidades, costos, demandas, causas de acci\u00f3n, da\u00f1os y gastos que surjan de cualquier forma relacionada con su incumplimiento de cualquiera de las disposiciones de estos T\u00e9rminos.<\/p><p><strong>Divisibilidad<\/strong><br \/>Si alguna disposici\u00f3n de estos T\u00e9rminos se considera inv\u00e1lida seg\u00fan cualquier ley aplicable, dichas disposiciones se eliminar\u00e1n sin afectar las disposiciones restantes de este documento.<\/p><p><strong>Variaci\u00f3n de T\u00e9rminos<\/strong><br \/>A Mastertec S.A. de C.V. se le permite revisar estos T\u00e9rminos en cualquier momento que considere oportuno, y al utilizar este sitio web, se espera que los revise peri\u00f3dicamente.<\/p><p><strong>Asignaci\u00f3n<\/strong><br \/>La Mastertec S.A. de C.V. tiene permitido asignar, transferir y subcontratar sus derechos y \/ u obligaciones en virtud de estos T\u00e9rminos sin notificaci\u00f3n alguna. Sin embargo, no est\u00e1 autorizado a ceder, transferir o subcontratar ninguno de sus derechos y \/ u obligaciones en virtud de estos T\u00e9rminos.<\/p><p><strong>Acuerdo completo<\/strong><br \/>Estos T\u00e9rminos constituyen el acuerdo completo entre Mastertec S.A. de C.V. y usted en relaci\u00f3n con su uso de este sitio web, y sustituyen a todos los acuerdos y entendimientos anteriores.<\/p><p><strong>Ley aplicable y jurisdicci\u00f3n<\/strong><br \/>Estos T\u00e9rminos se regir\u00e1n e interpretar\u00e1n de acuerdo con las leyes de la Ciudad de M\u00e9xico, y usted se somete a la jurisdicci\u00f3n no exclusiva de los tribunales estatales y federales ubicados en M\u00e9xico para resolver cualquier disputa.<\/p>\t\t\t\t\t\t\t\t<\/div>\n\t\t\t\t<\/div>\n\t\t\t\t\t<\/div>\n\t\t<\/div>\n\t\t\t\t\t<\/div>\n\t\t<\/section>\n\t\t\t\t<\/div>\n\t\t","protected":false},"excerpt":{"rendered":"<p>T\u00e9rminos y Condiciones Introducci\u00f3n Estos T\u00e9rminos y condiciones est\u00e1ndar del sitio web escritos en esta p\u00e1gina web deben administrar su uso de nuestro sitio web, Mastertec S.A. de C.V. accesible en https:\/\/www.mastertecmx.com.mx\/tienda Estos T\u00e9rminos se aplicar\u00e1n completamente y afectar\u00e1n su uso de este Sitio web. Al utilizar este sitio web, acept\u00f3 todos los t\u00e9rminos y &#8230;<\/p>\n","protected":false},"author":1,"featured_media":0,"parent":0,"menu_order":0,"comment_status":"closed","ping_status":"closed","template":"","meta":{"footnotes":""},"class_list":["post-2567","page","type-page","status-publish","hentry"],"yoast_head":"<!-- This site is optimized with the Yoast SEO plugin v26.4 - https:\/\/yoast.com\/wordpress\/plugins\/seo\/ -->\n<title>T\u00e9rminos y Condiciones - Tienda Mastertec<\/title>\n<meta name=\"robots\" content=\"index, follow, max-snippet:-1, max-image-preview:large, max-video-preview:-1\" \/>\n<link rel=\"canonical\" href=\"https:\/\/www.mastertecmx.com.mx\/tienda\/terminos-y-condiciones\/\" \/>\n<meta property=\"og:locale\" content=\"es_MX\" \/>\n<meta property=\"og:type\" content=\"article\" \/>\n<meta property=\"og:title\" content=\"T\u00e9rminos y Condiciones - Tienda Mastertec\" \/>\n<meta property=\"og:description\" content=\"T\u00e9rminos y Condiciones Introducci\u00f3n Estos T\u00e9rminos y condiciones est\u00e1ndar del sitio web escritos en esta p\u00e1gina web deben administrar su uso de nuestro sitio web, Mastertec S.A. de C.V. accesible en https:\/\/www.mastertecmx.com.mx\/tienda Estos T\u00e9rminos se aplicar\u00e1n completamente y afectar\u00e1n su uso de este Sitio web. Al utilizar este sitio web, acept\u00f3 todos los t\u00e9rminos y ...\" \/>\n<meta property=\"og:url\" content=\"https:\/\/www.mastertecmx.com.mx\/tienda\/terminos-y-condiciones\/\" \/>\n<meta property=\"og:site_name\" content=\"Tienda Mastertec\" \/>\n<meta property=\"article:publisher\" content=\"https:\/\/www.facebook.com\/mastertecmx\" \/>\n<meta property=\"article:modified_time\" content=\"2021-01-26T02:51:23+00:00\" \/>\n<meta name=\"twitter:card\" content=\"summary_large_image\" \/>\n<meta name=\"twitter:site\" content=\"@ventasmastertec\" \/>\n<meta name=\"twitter:label1\" content=\"Tiempo de lectura\" \/>\n\t<meta name=\"twitter:data1\" content=\"5 minutos\" \/>\n<script type=\"application\/ld+json\" class=\"yoast-schema-graph\">{\"@context\":\"https:\/\/schema.org\",\"@graph\":[{\"@type\":\"WebPage\",\"@id\":\"https:\/\/www.mastertecmx.com.mx\/tienda\/terminos-y-condiciones\/\",\"url\":\"https:\/\/www.mastertecmx.com.mx\/tienda\/terminos-y-condiciones\/\",\"name\":\"T\u00e9rminos y Condiciones - Tienda Mastertec\",\"isPartOf\":{\"@id\":\"https:\/\/www.mastertecmx.com.mx\/tienda\/#website\"},\"datePublished\":\"2020-12-29T04:52:50+00:00\",\"dateModified\":\"2021-01-26T02:51:23+00:00\",\"breadcrumb\":{\"@id\":\"https:\/\/www.mastertecmx.com.mx\/tienda\/terminos-y-condiciones\/#breadcrumb\"},\"inLanguage\":\"es\",\"potentialAction\":[{\"@type\":\"ReadAction\",\"target\":[\"https:\/\/www.mastertecmx.com.mx\/tienda\/terminos-y-condiciones\/\"]}]},{\"@type\":\"BreadcrumbList\",\"@id\":\"https:\/\/www.mastertecmx.com.mx\/tienda\/terminos-y-condiciones\/#breadcrumb\",\"itemListElement\":[{\"@type\":\"ListItem\",\"position\":1,\"name\":\"Inicio\",\"item\":\"https:\/\/www.mastertecmx.com.mx\/tienda\/\"},{\"@type\":\"ListItem\",\"position\":2,\"name\":\"T\u00e9rminos y Condiciones\"}]},{\"@type\":\"WebSite\",\"@id\":\"https:\/\/www.mastertecmx.com.mx\/tienda\/#website\",\"url\":\"https:\/\/www.mastertecmx.com.mx\/tienda\/\",\"name\":\"Tienda Mastertec\",\"description\":\"Dickies,Red Kap, Dr\u00e4ger, Sk\u00f6ld, Blauer y Duramax\",\"publisher\":{\"@id\":\"https:\/\/www.mastertecmx.com.mx\/tienda\/#organization\"},\"potentialAction\":[{\"@type\":\"SearchAction\",\"target\":{\"@type\":\"EntryPoint\",\"urlTemplate\":\"https:\/\/www.mastertecmx.com.mx\/tienda\/?s={search_term_string}\"},\"query-input\":{\"@type\":\"PropertyValueSpecification\",\"valueRequired\":true,\"valueName\":\"search_term_string\"}}],\"inLanguage\":\"es\"},{\"@type\":\"Organization\",\"@id\":\"https:\/\/www.mastertecmx.com.mx\/tienda\/#organization\",\"name\":\"Tienda Mastertec\",\"url\":\"https:\/\/www.mastertecmx.com.mx\/tienda\/\",\"logo\":{\"@type\":\"ImageObject\",\"inLanguage\":\"es\",\"@id\":\"https:\/\/www.mastertecmx.com.mx\/tienda\/#\/schema\/logo\/image\/\",\"url\":\"https:\/\/www.mastertecmx.com.mx\/tienda\/wp-content\/uploads\/2021\/01\/mttc-logo@2x.png\",\"contentUrl\":\"https:\/\/www.mastertecmx.com.mx\/tienda\/wp-content\/uploads\/2021\/01\/mttc-logo@2x.png\",\"width\":200,\"height\":92,\"caption\":\"Tienda Mastertec\"},\"image\":{\"@id\":\"https:\/\/www.mastertecmx.com.mx\/tienda\/#\/schema\/logo\/image\/\"},\"sameAs\":[\"https:\/\/www.facebook.com\/mastertecmx\",\"https:\/\/x.com\/ventasmastertec\",\"https:\/\/www.instagram.com\/mastertecmexico\",\"https:\/\/www.linkedin.com\/company\/37902264\/admin\/feed\/posts\/\"]}]}<\/script>\n<!-- \/ Yoast SEO plugin. -->","yoast_head_json":{"title":"T\u00e9rminos y Condiciones - Tienda Mastertec","robots":{"index":"index","follow":"follow","max-snippet":"max-snippet:-1","max-image-preview":"max-image-preview:large","max-video-preview":"max-video-preview:-1"},"canonical":"https:\/\/www.mastertecmx.com.mx\/tienda\/terminos-y-condiciones\/","og_locale":"es_MX","og_type":"article","og_title":"T\u00e9rminos y Condiciones - Tienda Mastertec","og_description":"T\u00e9rminos y Condiciones Introducci\u00f3n Estos T\u00e9rminos y condiciones est\u00e1ndar del sitio web escritos en esta p\u00e1gina web deben administrar su uso de nuestro sitio web, Mastertec S.A. de C.V. accesible en https:\/\/www.mastertecmx.com.mx\/tienda Estos T\u00e9rminos se aplicar\u00e1n completamente y afectar\u00e1n su uso de este Sitio web. Al utilizar este sitio web, acept\u00f3 todos los t\u00e9rminos y ...","og_url":"https:\/\/www.mastertecmx.com.mx\/tienda\/terminos-y-condiciones\/","og_site_name":"Tienda Mastertec","article_publisher":"https:\/\/www.facebook.com\/mastertecmx","article_modified_time":"2021-01-26T02:51:23+00:00","twitter_card":"summary_large_image","twitter_site":"@ventasmastertec","twitter_misc":{"Tiempo de lectura":"5 minutos"},"schema":{"@context":"https:\/\/schema.org","@graph":[{"@type":"WebPage","@id":"https:\/\/www.mastertecmx.com.mx\/tienda\/terminos-y-condiciones\/","url":"https:\/\/www.mastertecmx.com.mx\/tienda\/terminos-y-condiciones\/","name":"T\u00e9rminos y Condiciones - Tienda Mastertec","isPartOf":{"@id":"https:\/\/www.mastertecmx.com.mx\/tienda\/#website"},"datePublished":"2020-12-29T04:52:50+00:00","dateModified":"2021-01-26T02:51:23+00:00","breadcrumb":{"@id":"https:\/\/www.mastertecmx.com.mx\/tienda\/terminos-y-condiciones\/#breadcrumb"},"inLanguage":"es","potentialAction":[{"@type":"ReadAction","target":["https:\/\/www.mastertecmx.com.mx\/tienda\/terminos-y-condiciones\/"]}]},{"@type":"BreadcrumbList","@id":"https:\/\/www.mastertecmx.com.mx\/tienda\/terminos-y-condiciones\/#breadcrumb","itemListElement":[{"@type":"ListItem","position":1,"name":"Inicio","item":"https:\/\/www.mastertecmx.com.mx\/tienda\/"},{"@type":"ListItem","position":2,"name":"T\u00e9rminos y Condiciones"}]},{"@type":"WebSite","@id":"https:\/\/www.mastertecmx.com.mx\/tienda\/#website","url":"https:\/\/www.mastertecmx.com.mx\/tienda\/","name":"Tienda Mastertec","description":"Dickies,Red Kap, Dr\u00e4ger, Sk\u00f6ld, Blauer y Duramax","publisher":{"@id":"https:\/\/www.mastertecmx.com.mx\/tienda\/#organization"},"potentialAction":[{"@type":"SearchAction","target":{"@type":"EntryPoint","urlTemplate":"https:\/\/www.mastertecmx.com.mx\/tienda\/?s={search_term_string}"},"query-input":{"@type":"PropertyValueSpecification","valueRequired":true,"valueName":"search_term_string"}}],"inLanguage":"es"},{"@type":"Organization","@id":"https:\/\/www.mastertecmx.com.mx\/tienda\/#organization","name":"Tienda Mastertec","url":"https:\/\/www.mastertecmx.com.mx\/tienda\/","logo":{"@type":"ImageObject","inLanguage":"es","@id":"https:\/\/www.mastertecmx.com.mx\/tienda\/#\/schema\/logo\/image\/","url":"https:\/\/www.mastertecmx.com.mx\/tienda\/wp-content\/uploads\/2021\/01\/mttc-logo@2x.png","contentUrl":"https:\/\/www.mastertecmx.com.mx\/tienda\/wp-content\/uploads\/2021\/01\/mttc-logo@2x.png","width":200,"height":92,"caption":"Tienda Mastertec"},"image":{"@id":"https:\/\/www.mastertecmx.com.mx\/tienda\/#\/schema\/logo\/image\/"},"sameAs":["https:\/\/www.facebook.com\/mastertecmx","https:\/\/x.com\/ventasmastertec","https:\/\/www.instagram.com\/mastertecmexico","https:\/\/www.linkedin.com\/company\/37902264\/admin\/feed\/posts\/"]}]}},"_links":{"self":[{"href":"https:\/\/www.mastertecmx.com.mx\/tienda\/wp-json\/wp\/v2\/pages\/2567","targetHints":{"allow":["GET"]}}],"collection":[{"href":"https:\/\/www.mastertecmx.com.mx\/tienda\/wp-json\/wp\/v2\/pages"}],"about":[{"href":"https:\/\/www.mastertecmx.com.mx\/tienda\/wp-json\/wp\/v2\/types\/page"}],"author":[{"embeddable":true,"href":"https:\/\/www.mastertecmx.com.mx\/tienda\/wp-json\/wp\/v2\/users\/1"}],"replies":[{"embeddable":true,"href":"https:\/\/www.mastertecmx.com.mx\/tienda\/wp-json\/wp\/v2\/comments?post=2567"}],"version-history":[{"count":5,"href":"https:\/\/www.mastertecmx.com.mx\/tienda\/wp-json\/wp\/v2\/pages\/2567\/revisions"}],"predecessor-version":[{"id":2654,"href":"https:\/\/www.mastertecmx.com.mx\/tienda\/wp-json\/wp\/v2\/pages\/2567\/revisions\/2654"}],"wp:attachment":[{"href":"https:\/\/www.mastertecmx.com.mx\/tienda\/wp-json\/wp\/v2\/media?parent=2567"}],"curies":[{"name":"wp","href":"https:\/\/api.w.org\/{rel}","templated":true}]}}