{"id":2655,"date":"2021-01-25T20:53:51","date_gmt":"2021-01-26T02:53:51","guid":{"rendered":"https:\/\/www.mastertecmx.com.mx\/tienda\/?page_id=2655"},"modified":"2021-01-25T20:58:47","modified_gmt":"2021-01-26T02:58:47","slug":"politica-de-privacidad","status":"publish","type":"page","link":"https:\/\/www.mastertecmx.com.mx\/tienda\/politica-de-privacidad\/","title":{"rendered":"Pol\u00edtica de Privacidad"},"content":{"rendered":"\t\t<div data-elementor-type=\"wp-page\" data-elementor-id=\"2655\" class=\"elementor elementor-2655\">\n\t\t\t\t\t\t<section class=\"elementor-section elementor-top-section elementor-element elementor-element-c909ac7 elementor-section-boxed elementor-section-height-default elementor-section-height-default\" data-id=\"c909ac7\" data-element_type=\"section\">\n\t\t\t\t\t\t<div class=\"elementor-container elementor-column-gap-default\">\n\t\t\t\t\t<div class=\"elementor-column elementor-col-100 elementor-top-column elementor-element elementor-element-7f4b017\" data-id=\"7f4b017\" data-element_type=\"column\">\n\t\t\t<div class=\"elementor-widget-wrap elementor-element-populated\">\n\t\t\t\t\t\t<div class=\"elementor-element elementor-element-ec245eb elementor-widget elementor-widget-heading\" data-id=\"ec245eb\" data-element_type=\"widget\" data-widget_type=\"heading.default\">\n\t\t\t\t<div class=\"elementor-widget-container\">\n\t\t\t\t\t<h2 class=\"elementor-heading-title elementor-size-default\">Pol\u00edtica de Privacidad<\/h2>\t\t\t\t<\/div>\n\t\t\t\t<\/div>\n\t\t\t\t<div class=\"elementor-element elementor-element-94d1160 elementor-widget elementor-widget-text-editor\" data-id=\"94d1160\" data-element_type=\"widget\" data-widget_type=\"text-editor.default\">\n\t\t\t\t<div class=\"elementor-widget-container\">\n\t\t\t\t\t\t\t\t\t<h2>Qui\u00e9nes somos<\/h2><p>Somos un grupo de profesionistas y t\u00e9cnicos en el \u00e1mbito de la seguridad industrial, ofrecemos equipo de seguridad industrial, ropa de trabajo, equipos de protecci\u00f3n personal y equipo de investigaci\u00f3n medica. Formamos hace mas de 20 a\u00f1os a Mastertec con la intenci\u00f3n de brindar la mejor atenci\u00f3n y productos de calidad mundial en el ramo medico e industrial.<\/p><p>La direcci\u00f3n de nuestra web es: https:\/\/www.mastertecmx.com.mx\/tienda.<\/p><h2>Qu\u00e9 datos personales recogemos y por qu\u00e9 los recogemos<\/h2><p>Mastertec S.A. de C.V., De conformidad con lo dispuesto en la Ley Federal de Protecci\u00f3n de Datos Personales en Posesi\u00f3n de los Particulares y en su Reglamento, hace de su conocimiento que es responsable de recabar sus datos personales, del uso que se les d\u00e9 a los mismos y de su protecci\u00f3n. Su informaci\u00f3n personal ser\u00e1 utilizada para proveerle informaci\u00f3n los servicios que nos ha solicitado, informarle sobre condiciones y cambios en los mismos y evaluar la calidad del servicio que le prestamos.<\/p><p><strong>Tratamiento de sus Datos Personales:<\/strong><br \/>Recabamos sus datos personales para los efectos mencionados en presente Aviso de Privacidad.<\/p><p>En este sentido, hacemos de su conocimiento que sus datos personales ser\u00e1n tratados y resguardados con base en los principios de licitud, calidad, consentimiento, informaci\u00f3n, finalidad, lealtad, proporcionalidad y responsabilidad, consagrados en la Ley Federal de Protecci\u00f3n de Datos Personales en Posesi\u00f3n de Particulares y su Reglamento.<\/p><p><strong>Finalidad en el tratamiento de sus datos personales:<\/strong><\/p><p>Recopilamos sus datos personales, por lo que solicitamos su consentimiento a trav\u00e9s del presente Aviso de Privacidad con el objeto de utilizarlos para los siguientes fines:<\/p><p>1. Para poder realizar los servicios que nos ha confiado.<br \/>2. Identificarlo como cliente y prestarle los servicios contratados con nosotros.<br \/>3. Para contactarlo y enviarle informaci\u00f3n relevante respecto de temas de nuestros servicios.<\/p><p><strong>Medios para limitar el uso o divulgaci\u00f3n de sus datos personales:<\/strong><br \/>Hacemos de su conocimiento que sus datos personales ser\u00e1n resguardados bajo estrictas medidas de seguridad administrativas, t\u00e9cnicas y f\u00edsicas las cuales han sido implementadas con el objeto de proteger sus datos personales contra da\u00f1o, p\u00e9rdida, alteraci\u00f3n, destrucci\u00f3n o el uso, acceso o tratamiento no autorizados.<\/p><p>As\u00ed mismo podr\u00e1 revocar el consentimiento otorgado para el uso de sus datos personales.<\/p><p>En cualquiera de estos supuestos, puede realizar su solicitud mediante el env\u00edo de un correo electr\u00f3nico a la direcci\u00f3n promociones@mastertecmx.com.mx<br \/>Si usted desea dejar de recibir mensajes promocionales de nuestra parte puede solicitarlo en nuestro correo promociones@mastertecmx.com.mx<\/p><p><strong>Cambios al presente Aviso de Privacidad:<\/strong><br \/>El presente Aviso de Privacidad podr\u00e1 ser modificado en el futuro. En todo caso, cualquier modificaci\u00f3n al mismo se har\u00e1 de su conocimiento mediante el env\u00edo de un correo electr\u00f3nico a su cuenta.<\/p><p>Derechos de Propiedad Intelectual. Todos los derechos de autor y otros derechos de propiedad intelectual en todos los textos, im\u00e1genes y otros materiales contenidos en este sitio web son propiedad de Mastertec S.A. de C.V. o han sido incluidos con permiso y autorizaci\u00f3n del due\u00f1o relevante.<\/p><p>Usted est\u00e1 autorizado a navegar por este sitio Web, reproducir extractos por medio de impresiones, bajar informaci\u00f3n al disco duro o con el prop\u00f3sito de distribuir a otros individuos. Siempre y cuando, Usted mantenga intacta la informaci\u00f3n y todos los avisos de Derechos de Autor y de propiedad intelectual, que aparezcan en las reproducciones. Ninguna reproducci\u00f3n de cualquier parte del sitio web puede ser vendida o distribuida con fines de lucro comercial ni debe ser modificada o incorporada en cualquier otro trabajo, publicaci\u00f3n o sitio web.<\/p><p><strong>Fecha de \u00faltima actualizaci\u00f3n 10 de Diciembre de 2019.<\/strong><\/p><p>No seremos responsables en caso de que usted no reciba la referida notificaci\u00f3n de cambio en el Aviso de Privacidad por causa de alg\u00fan problema con su cuenta de correo electr\u00f3nico o de transmisi\u00f3n de datos por internet.<\/p><p>Sin embargo, por su seguridad, el Aviso de Privacidad vigente estar\u00e1 disponible en todo momento en nuestra p\u00e1gina web<\/p><h3>Comentarios<\/h3><p>Cuando los visitantes dejan comentarios en la web, recopilamos los datos que se muestran en el formulario de comentarios, as\u00ed como la direcci\u00f3n IP del visitante y la cadena de agentes de usuario del navegador para ayudar a la detecci\u00f3n de spam.<\/p><p>Una cadena an\u00f3nima creada a partir de tu direcci\u00f3n de correo electr\u00f3nico (tambi\u00e9n llamada hash) puede ser proporcionada al servicio de Gravatar para ver si la est\u00e1s usando. La pol\u00edtica de privacidad del servicio Gravatar est\u00e1 disponible aqu\u00ed: https:\/\/automattic.com\/privacy\/. Despu\u00e9s de la aprobaci\u00f3n de tu comentario, la imagen de tu perfil es visible para el p\u00fablico en el contexto de su comentario.<\/p><h3>Medios<\/h3><p>Si subes im\u00e1genes a la web deber\u00edas evitar subir im\u00e1genes con datos de ubicaci\u00f3n (GPS EXIF) incluidos. Los visitantes de la web pueden descargar y extraer cualquier dato de localizaci\u00f3n de las im\u00e1genes de la web.<\/p><h3>Cookies<\/h3><p>Si dejas un comentario en nuestro sitio puedes elegir guardar tu nombre, direcci\u00f3n de correo electr\u00f3nico y web en cookies. Esto es para tu comodidad, para que no tengas que volver a rellenar tus datos cuando dejes otro comentario. Estas cookies tendr\u00e1n una duraci\u00f3n de un a\u00f1o.<\/p><p>Si visita nuestra p\u00e1gina de inicio de sesi\u00f3n, configuraremos una cookie temporal para determinar si su navegador acepta cookies. Esta cookie no contiene datos personales y se descarta cuando cierra su navegador.<\/p><p>Cuando inicias sesi\u00f3n, tambi\u00e9n instalaremos varias cookies para guardar tu informaci\u00f3n de inicio de sesi\u00f3n y tus opciones de visualizaci\u00f3n de pantalla. Las cookies de inicio de sesi\u00f3n duran dos d\u00edas, y las cookies de opciones de pantalla duran un a\u00f1o. Si seleccionas \u201cRecordarme\u201d, tu inicio de sesi\u00f3n perdurar\u00e1 durante dos semanas. Si sales de tu cuenta, las cookies de inicio de sesi\u00f3n se eliminar\u00e1n.<\/p><p>Si editas o publicas un art\u00edculo se guardar\u00e1 una cookie adicional en tu navegador. Esta cookie no incluye datos personales y simplemente indica el ID del art\u00edculo que acabas de editar. Caduca despu\u00e9s de 1 d\u00eda.<\/p><h3>Contenido incrustado de otros sitios web<\/h3><p>Los art\u00edculos de este sitio pueden incluir contenido incrustado (por ejemplo, v\u00eddeos, im\u00e1genes, art\u00edculos, etc.). El contenido incrustado de otras web se comporta exactamente de la misma manera que si el visitante hubiera visitado la otra web.<\/p><p>Estas web pueden recopilar datos sobre ti, utilizar cookies, incrustar un seguimiento adicional de terceros, y supervisar tu interacci\u00f3n con ese contenido incrustado, incluido el seguimiento de tu interacci\u00f3n con el contenido incrustado si tienes una cuenta y est\u00e1s conectado a esa web.<\/p><h2>Cu\u00e1nto tiempo conservamos tus datos<\/h2><p>Si dejas un comentario, el comentario y sus metadatos se conservan indefinidamente. Esto es para que podamos reconocer y aprobar comentarios sucesivos autom\u00e1ticamente en lugar de mantenerlos en una cola de moderaci\u00f3n.<\/p><p>De los usuarios que se registran en nuestra web (si los hay), tambi\u00e9n almacenamos la informaci\u00f3n personal que proporcionan en su perfil de usuario. Todos los usuarios pueden ver, editar o eliminar su informaci\u00f3n personal en cualquier momento (excepto que no pueden cambiar su nombre de usuario). Los administradores de la web tambi\u00e9n pueden ver y editar esa informaci\u00f3n.<\/p><h2>Qu\u00e9 derechos tienes sobre tus datos<\/h2><p>Si tienes una cuenta o has dejado comentarios en esta web, puedes solicitar recibir un archivo de exportaci\u00f3n de los datos personales que tenemos sobre ti, incluyendo cualquier dato que nos hayas proporcionado. Tambi\u00e9n puedes solicitar que eliminemos cualquier dato personal que tengamos sobre ti. Esto no incluye ning\u00fan dato que estemos obligados a conservar con fines administrativos, legales o de seguridad.<\/p><h2>D\u00f3nde enviamos tus datos<\/h2><p>Los comentarios de los visitantes puede que los revise un servicio de detecci\u00f3n autom\u00e1tica de spam.<\/p>\t\t\t\t\t\t\t\t<\/div>\n\t\t\t\t<\/div>\n\t\t\t\t\t<\/div>\n\t\t<\/div>\n\t\t\t\t\t<\/div>\n\t\t<\/section>\n\t\t\t\t<\/div>\n\t\t","protected":false},"excerpt":{"rendered":"<p>Pol\u00edtica de Privacidad Qui\u00e9nes somos Somos un grupo de profesionistas y t\u00e9cnicos en el \u00e1mbito de la seguridad industrial, ofrecemos equipo de seguridad industrial, ropa de trabajo, equipos de protecci\u00f3n personal y equipo de investigaci\u00f3n medica. Formamos hace mas de 20 a\u00f1os a Mastertec con la intenci\u00f3n de brindar la mejor atenci\u00f3n y productos de &#8230;<\/p>\n","protected":false},"author":1,"featured_media":0,"parent":0,"menu_order":0,"comment_status":"closed","ping_status":"closed","template":"","meta":{"footnotes":""},"class_list":["post-2655","page","type-page","status-publish","hentry"],"yoast_head":"<!-- This site is optimized with the Yoast SEO plugin v26.4 - https:\/\/yoast.com\/wordpress\/plugins\/seo\/ -->\n<title>Pol\u00edtica de Privacidad - Tienda Mastertec<\/title>\n<meta name=\"robots\" content=\"index, follow, max-snippet:-1, max-image-preview:large, max-video-preview:-1\" \/>\n<link rel=\"canonical\" href=\"https:\/\/www.mastertecmx.com.mx\/tienda\/politica-de-privacidad\/\" \/>\n<meta property=\"og:locale\" content=\"es_MX\" \/>\n<meta property=\"og:type\" content=\"article\" \/>\n<meta property=\"og:title\" content=\"Pol\u00edtica de Privacidad - Tienda Mastertec\" \/>\n<meta property=\"og:description\" content=\"Pol\u00edtica de Privacidad Qui\u00e9nes somos Somos un grupo de profesionistas y t\u00e9cnicos en el \u00e1mbito de la seguridad industrial, ofrecemos equipo de seguridad industrial, ropa de trabajo, equipos de protecci\u00f3n personal y equipo de investigaci\u00f3n medica. Formamos hace mas de 20 a\u00f1os a Mastertec con la intenci\u00f3n de brindar la mejor atenci\u00f3n y productos de ...\" \/>\n<meta property=\"og:url\" content=\"https:\/\/www.mastertecmx.com.mx\/tienda\/politica-de-privacidad\/\" \/>\n<meta property=\"og:site_name\" content=\"Tienda Mastertec\" \/>\n<meta property=\"article:publisher\" content=\"https:\/\/www.facebook.com\/mastertecmx\" \/>\n<meta property=\"article:modified_time\" content=\"2021-01-26T02:58:47+00:00\" \/>\n<meta name=\"twitter:card\" content=\"summary_large_image\" \/>\n<meta name=\"twitter:site\" content=\"@ventasmastertec\" \/>\n<meta name=\"twitter:label1\" content=\"Tiempo de lectura\" \/>\n\t<meta name=\"twitter:data1\" content=\"7 minutos\" \/>\n<script type=\"application\/ld+json\" class=\"yoast-schema-graph\">{\"@context\":\"https:\/\/schema.org\",\"@graph\":[{\"@type\":\"WebPage\",\"@id\":\"https:\/\/www.mastertecmx.com.mx\/tienda\/politica-de-privacidad\/\",\"url\":\"https:\/\/www.mastertecmx.com.mx\/tienda\/politica-de-privacidad\/\",\"name\":\"Pol\u00edtica de Privacidad - Tienda Mastertec\",\"isPartOf\":{\"@id\":\"https:\/\/www.mastertecmx.com.mx\/tienda\/#website\"},\"datePublished\":\"2021-01-26T02:53:51+00:00\",\"dateModified\":\"2021-01-26T02:58:47+00:00\",\"breadcrumb\":{\"@id\":\"https:\/\/www.mastertecmx.com.mx\/tienda\/politica-de-privacidad\/#breadcrumb\"},\"inLanguage\":\"es\",\"potentialAction\":[{\"@type\":\"ReadAction\",\"target\":[\"https:\/\/www.mastertecmx.com.mx\/tienda\/politica-de-privacidad\/\"]}]},{\"@type\":\"BreadcrumbList\",\"@id\":\"https:\/\/www.mastertecmx.com.mx\/tienda\/politica-de-privacidad\/#breadcrumb\",\"itemListElement\":[{\"@type\":\"ListItem\",\"position\":1,\"name\":\"Inicio\",\"item\":\"https:\/\/www.mastertecmx.com.mx\/tienda\/\"},{\"@type\":\"ListItem\",\"position\":2,\"name\":\"Pol\u00edtica de Privacidad\"}]},{\"@type\":\"WebSite\",\"@id\":\"https:\/\/www.mastertecmx.com.mx\/tienda\/#website\",\"url\":\"https:\/\/www.mastertecmx.com.mx\/tienda\/\",\"name\":\"Tienda Mastertec\",\"description\":\"Dickies,Red Kap, Dr\u00e4ger, Sk\u00f6ld, Blauer y Duramax\",\"publisher\":{\"@id\":\"https:\/\/www.mastertecmx.com.mx\/tienda\/#organization\"},\"potentialAction\":[{\"@type\":\"SearchAction\",\"target\":{\"@type\":\"EntryPoint\",\"urlTemplate\":\"https:\/\/www.mastertecmx.com.mx\/tienda\/?s={search_term_string}\"},\"query-input\":{\"@type\":\"PropertyValueSpecification\",\"valueRequired\":true,\"valueName\":\"search_term_string\"}}],\"inLanguage\":\"es\"},{\"@type\":\"Organization\",\"@id\":\"https:\/\/www.mastertecmx.com.mx\/tienda\/#organization\",\"name\":\"Tienda Mastertec\",\"url\":\"https:\/\/www.mastertecmx.com.mx\/tienda\/\",\"logo\":{\"@type\":\"ImageObject\",\"inLanguage\":\"es\",\"@id\":\"https:\/\/www.mastertecmx.com.mx\/tienda\/#\/schema\/logo\/image\/\",\"url\":\"https:\/\/www.mastertecmx.com.mx\/tienda\/wp-content\/uploads\/2021\/01\/mttc-logo@2x.png\",\"contentUrl\":\"https:\/\/www.mastertecmx.com.mx\/tienda\/wp-content\/uploads\/2021\/01\/mttc-logo@2x.png\",\"width\":200,\"height\":92,\"caption\":\"Tienda Mastertec\"},\"image\":{\"@id\":\"https:\/\/www.mastertecmx.com.mx\/tienda\/#\/schema\/logo\/image\/\"},\"sameAs\":[\"https:\/\/www.facebook.com\/mastertecmx\",\"https:\/\/x.com\/ventasmastertec\",\"https:\/\/www.instagram.com\/mastertecmexico\",\"https:\/\/www.linkedin.com\/company\/37902264\/admin\/feed\/posts\/\"]}]}<\/script>\n<!-- \/ Yoast SEO plugin. -->","yoast_head_json":{"title":"Pol\u00edtica de Privacidad - Tienda Mastertec","robots":{"index":"index","follow":"follow","max-snippet":"max-snippet:-1","max-image-preview":"max-image-preview:large","max-video-preview":"max-video-preview:-1"},"canonical":"https:\/\/www.mastertecmx.com.mx\/tienda\/politica-de-privacidad\/","og_locale":"es_MX","og_type":"article","og_title":"Pol\u00edtica de Privacidad - Tienda Mastertec","og_description":"Pol\u00edtica de Privacidad Qui\u00e9nes somos Somos un grupo de profesionistas y t\u00e9cnicos en el \u00e1mbito de la seguridad industrial, ofrecemos equipo de seguridad industrial, ropa de trabajo, equipos de protecci\u00f3n personal y equipo de investigaci\u00f3n medica. Formamos hace mas de 20 a\u00f1os a Mastertec con la intenci\u00f3n de brindar la mejor atenci\u00f3n y productos de ...","og_url":"https:\/\/www.mastertecmx.com.mx\/tienda\/politica-de-privacidad\/","og_site_name":"Tienda Mastertec","article_publisher":"https:\/\/www.facebook.com\/mastertecmx","article_modified_time":"2021-01-26T02:58:47+00:00","twitter_card":"summary_large_image","twitter_site":"@ventasmastertec","twitter_misc":{"Tiempo de lectura":"7 minutos"},"schema":{"@context":"https:\/\/schema.org","@graph":[{"@type":"WebPage","@id":"https:\/\/www.mastertecmx.com.mx\/tienda\/politica-de-privacidad\/","url":"https:\/\/www.mastertecmx.com.mx\/tienda\/politica-de-privacidad\/","name":"Pol\u00edtica de Privacidad - Tienda Mastertec","isPartOf":{"@id":"https:\/\/www.mastertecmx.com.mx\/tienda\/#website"},"datePublished":"2021-01-26T02:53:51+00:00","dateModified":"2021-01-26T02:58:47+00:00","breadcrumb":{"@id":"https:\/\/www.mastertecmx.com.mx\/tienda\/politica-de-privacidad\/#breadcrumb"},"inLanguage":"es","potentialAction":[{"@type":"ReadAction","target":["https:\/\/www.mastertecmx.com.mx\/tienda\/politica-de-privacidad\/"]}]},{"@type":"BreadcrumbList","@id":"https:\/\/www.mastertecmx.com.mx\/tienda\/politica-de-privacidad\/#breadcrumb","itemListElement":[{"@type":"ListItem","position":1,"name":"Inicio","item":"https:\/\/www.mastertecmx.com.mx\/tienda\/"},{"@type":"ListItem","position":2,"name":"Pol\u00edtica de Privacidad"}]},{"@type":"WebSite","@id":"https:\/\/www.mastertecmx.com.mx\/tienda\/#website","url":"https:\/\/www.mastertecmx.com.mx\/tienda\/","name":"Tienda Mastertec","description":"Dickies,Red Kap, Dr\u00e4ger, Sk\u00f6ld, Blauer y Duramax","publisher":{"@id":"https:\/\/www.mastertecmx.com.mx\/tienda\/#organization"},"potentialAction":[{"@type":"SearchAction","target":{"@type":"EntryPoint","urlTemplate":"https:\/\/www.mastertecmx.com.mx\/tienda\/?s={search_term_string}"},"query-input":{"@type":"PropertyValueSpecification","valueRequired":true,"valueName":"search_term_string"}}],"inLanguage":"es"},{"@type":"Organization","@id":"https:\/\/www.mastertecmx.com.mx\/tienda\/#organization","name":"Tienda Mastertec","url":"https:\/\/www.mastertecmx.com.mx\/tienda\/","logo":{"@type":"ImageObject","inLanguage":"es","@id":"https:\/\/www.mastertecmx.com.mx\/tienda\/#\/schema\/logo\/image\/","url":"https:\/\/www.mastertecmx.com.mx\/tienda\/wp-content\/uploads\/2021\/01\/mttc-logo@2x.png","contentUrl":"https:\/\/www.mastertecmx.com.mx\/tienda\/wp-content\/uploads\/2021\/01\/mttc-logo@2x.png","width":200,"height":92,"caption":"Tienda Mastertec"},"image":{"@id":"https:\/\/www.mastertecmx.com.mx\/tienda\/#\/schema\/logo\/image\/"},"sameAs":["https:\/\/www.facebook.com\/mastertecmx","https:\/\/x.com\/ventasmastertec","https:\/\/www.instagram.com\/mastertecmexico","https:\/\/www.linkedin.com\/company\/37902264\/admin\/feed\/posts\/"]}]}},"_links":{"self":[{"href":"https:\/\/www.mastertecmx.com.mx\/tienda\/wp-json\/wp\/v2\/pages\/2655","targetHints":{"allow":["GET"]}}],"collection":[{"href":"https:\/\/www.mastertecmx.com.mx\/tienda\/wp-json\/wp\/v2\/pages"}],"about":[{"href":"https:\/\/www.mastertecmx.com.mx\/tienda\/wp-json\/wp\/v2\/types\/page"}],"author":[{"embeddable":true,"href":"https:\/\/www.mastertecmx.com.mx\/tienda\/wp-json\/wp\/v2\/users\/1"}],"replies":[{"embeddable":true,"href":"https:\/\/www.mastertecmx.com.mx\/tienda\/wp-json\/wp\/v2\/comments?post=2655"}],"version-history":[{"count":5,"href":"https:\/\/www.mastertecmx.com.mx\/tienda\/wp-json\/wp\/v2\/pages\/2655\/revisions"}],"predecessor-version":[{"id":2661,"href":"https:\/\/www.mastertecmx.com.mx\/tienda\/wp-json\/wp\/v2\/pages\/2655\/revisions\/2661"}],"wp:attachment":[{"href":"https:\/\/www.mastertecmx.com.mx\/tienda\/wp-json\/wp\/v2\/media?parent=2655"}],"curies":[{"name":"wp","href":"https:\/\/api.w.org\/{rel}","templated":true}]}}