{"id":2986,"date":"2021-02-02T17:00:15","date_gmt":"2021-02-02T23:00:15","guid":{"rendered":"https:\/\/www.mastertecmx.com.mx\/tienda\/?page_id=2986"},"modified":"2021-02-21T16:03:16","modified_gmt":"2021-02-21T22:03:16","slug":"haz-tu-pedido","status":"publish","type":"page","link":"https:\/\/www.mastertecmx.com.mx\/tienda\/haz-tu-pedido\/","title":{"rendered":"Haz tu Pedido"},"content":{"rendered":"\t\t<div data-elementor-type=\"wp-post\" data-elementor-id=\"2986\" class=\"elementor elementor-2986\">\n\t\t\t\t\t\t<section class=\"elementor-section elementor-top-section elementor-element elementor-element-65a9ca5 elementor-section-boxed elementor-section-height-default elementor-section-height-default\" data-id=\"65a9ca5\" data-element_type=\"section\">\n\t\t\t\t\t\t<div class=\"elementor-container elementor-column-gap-default\">\n\t\t\t\t\t<div class=\"elementor-column elementor-col-100 elementor-top-column elementor-element elementor-element-19d953c\" data-id=\"19d953c\" data-element_type=\"column\">\n\t\t\t<div class=\"elementor-widget-wrap elementor-element-populated\">\n\t\t\t\t\t\t<div class=\"elementor-element elementor-element-0a03d98 elementor-widget elementor-widget-heading\" data-id=\"0a03d98\" data-element_type=\"widget\" data-widget_type=\"heading.default\">\n\t\t\t\t<div class=\"elementor-widget-container\">\n\t\t\t\t\t<h2 class=\"elementor-heading-title elementor-size-default\">Llena el Formulario<\/h2>\t\t\t\t<\/div>\n\t\t\t\t<\/div>\n\t\t\t\t<div class=\"elementor-element elementor-element-f2bc778 elementor-widget elementor-widget-text-editor\" data-id=\"f2bc778\" data-element_type=\"widget\" data-widget_type=\"text-editor.default\">\n\t\t\t\t<div class=\"elementor-widget-container\">\n\t\t\t\t\t\t\t\t\t<h4>Pedidos por Mayoreo<\/h4>\t\t\t\t\t\t\t\t<\/div>\n\t\t\t\t<\/div>\n\t\t\t\t\t<\/div>\n\t\t<\/div>\n\t\t\t\t\t<\/div>\n\t\t<\/section>\n\t\t\t\t<section class=\"elementor-section elementor-top-section elementor-element elementor-element-a69d503 elementor-section-stretched elementor-section-boxed elementor-section-height-default elementor-section-height-default\" data-id=\"a69d503\" data-element_type=\"section\" data-settings=\"{&quot;stretch_section&quot;:&quot;section-stretched&quot;,&quot;background_background&quot;:&quot;classic&quot;}\">\n\t\t\t\t\t\t<div class=\"elementor-container elementor-column-gap-default\">\n\t\t\t\t\t<div class=\"elementor-column elementor-col-100 elementor-top-column elementor-element elementor-element-b372594\" data-id=\"b372594\" data-element_type=\"column\">\n\t\t\t<div class=\"elementor-widget-wrap elementor-element-populated\">\n\t\t\t\t\t\t<div class=\"elementor-element elementor-element-9c6011a elementor-widget elementor-widget-shortcode\" data-id=\"9c6011a\" data-element_type=\"widget\" data-widget_type=\"shortcode.default\">\n\t\t\t\t<div class=\"elementor-widget-container\">\n\t\t\t\t\t\t\t<div class=\"elementor-shortcode\">\n<div class=\"wpcf7 no-js\" id=\"wpcf7-f2985-o1\" lang=\"es-MX\" dir=\"ltr\" data-wpcf7-id=\"2985\">\n<div class=\"screen-reader-response\"><p role=\"status\" aria-live=\"polite\" aria-atomic=\"true\"><\/p> <ul><\/ul><\/div>\n<form action=\"\/tienda\/wp-json\/wp\/v2\/pages\/2986#wpcf7-f2985-o1\" method=\"post\" class=\"wpcf7-form init\" aria-label=\"Formulario de contacto\" novalidate=\"novalidate\" data-status=\"init\">\n<fieldset class=\"hidden-fields-container\"><input type=\"hidden\" name=\"_wpcf7\" value=\"2985\" \/><input type=\"hidden\" name=\"_wpcf7_version\" value=\"6.1.3\" \/><input type=\"hidden\" name=\"_wpcf7_locale\" value=\"es_MX\" \/><input type=\"hidden\" name=\"_wpcf7_unit_tag\" value=\"wpcf7-f2985-o1\" \/><input type=\"hidden\" name=\"_wpcf7_container_post\" value=\"0\" \/><input type=\"hidden\" name=\"_wpcf7_posted_data_hash\" value=\"\" \/>\n<\/fieldset>\n<div class=\"metro-contact-form\">\n\t<h3 class=\"rtin-title\">Hacer Pedido<\/h3>\n<p><strong>Env\u00edanos tus datos para calcular el costo de envi\u00f3 y detalles de tiempo de entrega.   Enseguida te enviaremos los detalles y m\u00e9todos de pago<\/strong><\/p>\n\n<div class=\"row\">\n<div class=\"col-md-6 form-group\">\n<span class=\"wpcf7-form-control-wrap\" data-name=\"text-empresa\"><input size=\"40\" maxlength=\"400\" class=\"wpcf7-form-control wpcf7-text form-control\" aria-invalid=\"false\" placeholder=\"Nombre de la Empresa (opcional)\" value=\"\" type=\"text\" name=\"text-empresa\" \/><\/span><\/div>\n<div class=\"col-md-6 form-group\">\n<span class=\"wpcf7-form-control-wrap\" data-name=\"text-rfc\"><input size=\"40\" maxlength=\"400\" class=\"wpcf7-form-control wpcf7-text form-control\" aria-invalid=\"false\" placeholder=\"RFC (opcional)\" value=\"\" type=\"text\" name=\"text-rfc\" \/><\/span><\/div>\n<\/div>\n\n<div class=\"row\">\n<div class=\"col-md-6 form-group\">\n<span class=\"wpcf7-form-control-wrap\" data-name=\"nombre\"><input size=\"40\" maxlength=\"400\" class=\"wpcf7-form-control wpcf7-text wpcf7-validates-as-required form-control\" aria-required=\"true\" aria-invalid=\"false\" placeholder=\"Nombre*\" value=\"\" type=\"text\" name=\"nombre\" \/><\/span><\/div>\n\n<div class=\"col-md-6 form-group\">\n<span class=\"wpcf7-form-control-wrap\" data-name=\"text-apellido\"><input size=\"40\" maxlength=\"400\" class=\"wpcf7-form-control wpcf7-text wpcf7-validates-as-required form-control\" aria-required=\"true\" aria-invalid=\"false\" placeholder=\"Apellidos*\" value=\"\" type=\"text\" name=\"text-apellido\" \/><\/span><\/div>\n<\/div>\n\n<div class=\"row\">\n<div class=\"col-md-6 form-group\">\n<span class=\"wpcf7-form-control-wrap\" data-name=\"text-direccion\"><input size=\"40\" maxlength=\"400\" class=\"wpcf7-form-control wpcf7-text wpcf7-validates-as-required form-control\" aria-required=\"true\" aria-invalid=\"false\" placeholder=\"Direcci\u00f3n*\" value=\"\" type=\"text\" name=\"text-direccion\" \/><\/span><\/div>\n\n<div class=\"col-md-6 form-group\">\n<span class=\"wpcf7-form-control-wrap\" data-name=\"localidad\"><input size=\"40\" maxlength=\"400\" class=\"wpcf7-form-control wpcf7-text wpcf7-validates-as-required form-control\" aria-required=\"true\" aria-invalid=\"false\" placeholder=\"Ciudad \/ Localidad*\" value=\"\" type=\"text\" name=\"localidad\" \/><\/span><\/div>\n<\/div>\n\n<div class=\"row\">\n<div class=\"col-md-6 form-group\">\n<span class=\"wpcf7-form-control-wrap\" data-name=\"estado\"><input size=\"40\" maxlength=\"400\" class=\"wpcf7-form-control wpcf7-text wpcf7-validates-as-required form-control\" aria-required=\"true\" aria-invalid=\"false\" placeholder=\"Estado*\" value=\"\" type=\"text\" name=\"estado\" \/><\/span><\/div>\n\n<div class=\"col-md-6 form-group\">\n<span class=\"wpcf7-form-control-wrap\" data-name=\"text-cp\"><input size=\"40\" maxlength=\"400\" class=\"wpcf7-form-control wpcf7-text wpcf7-validates-as-required form-control\" aria-required=\"true\" aria-invalid=\"false\" placeholder=\"C\u00f3digo Postal*\" value=\"\" type=\"text\" name=\"text-cp\" \/><\/span><\/div>\n<\/div>\n\n<div class=\"row\">\n<div class=\"col-md-6 form-group\">\n<span class=\"wpcf7-form-control-wrap\" data-name=\"email-correo\"><input size=\"40\" maxlength=\"400\" class=\"wpcf7-form-control wpcf7-email wpcf7-validates-as-required wpcf7-text wpcf7-validates-as-email form-control\" aria-required=\"true\" aria-invalid=\"false\" placeholder=\"Email*\" value=\"\" type=\"email\" name=\"email-correo\" \/><\/span><\/div>\n\n<div class=\"col-md-6 form-group\">\n<span class=\"wpcf7-form-control-wrap\" data-name=\"telefono\"><input size=\"40\" maxlength=\"400\" class=\"wpcf7-form-control wpcf7-tel wpcf7-validates-as-required wpcf7-text wpcf7-validates-as-tel form-control\" aria-required=\"true\" aria-invalid=\"false\" placeholder=\"Tel\u00e9fono*\" value=\"\" type=\"tel\" name=\"telefono\" \/><\/span><\/div>\n<\/div>\n<br>\n<p><strong>Escribe Aqu\u00ed los Productos que Requieres y Detalles*<\/strong> <br \/>\n<span class=\"wpcf7-form-control-wrap\" data-name=\"textarea-productos\"><textarea cols=\"40\" rows=\"10\" maxlength=\"2000\" class=\"wpcf7-form-control wpcf7-textarea wpcf7-validates-as-required\" aria-required=\"true\" aria-invalid=\"false\" placeholder=\"Productos\" name=\"textarea-productos\"><\/textarea><\/span><\/p>\n\n<span class=\"wpcf7-form-control-wrap\" data-name=\"textarea-comentarios\"><textarea cols=\"40\" rows=\"10\" maxlength=\"2000\" class=\"wpcf7-form-control wpcf7-textarea\" aria-invalid=\"false\" placeholder=\"Comentarios Extra de su Pedido (opcional)\" name=\"textarea-comentarios\"><\/textarea><\/span>\n\n<div class=\"form-group\"><input class=\"wpcf7-form-control wpcf7-submit has-spinner\" type=\"submit\" value=\"Hacer Pedido\" \/><\/div>\n\n<\/div><p style=\"display: none !important;\" class=\"akismet-fields-container\" data-prefix=\"_wpcf7_ak_\"><label>&#916;<textarea name=\"_wpcf7_ak_hp_textarea\" cols=\"45\" rows=\"8\" maxlength=\"100\"><\/textarea><\/label><input type=\"hidden\" id=\"ak_js_1\" name=\"_wpcf7_ak_js\" value=\"181\"\/><script>document.getElementById( \"ak_js_1\" ).setAttribute( \"value\", ( new Date() ).getTime() );<\/script><\/p><div class=\"wpcf7-response-output\" aria-hidden=\"true\"><\/div>\n<\/form>\n<\/div>\n<\/div>\n\t\t\t\t\t\t<\/div>\n\t\t\t\t<\/div>\n\t\t\t\t\t<\/div>\n\t\t<\/div>\n\t\t\t\t\t<\/div>\n\t\t<\/section>\n\t\t\t\t<\/div>\n\t\t","protected":false},"excerpt":{"rendered":"<p>Llena el Formulario Pedidos por Mayoreo<\/p>\n","protected":false},"author":1,"featured_media":0,"parent":0,"menu_order":0,"comment_status":"closed","ping_status":"closed","template":"templates\/blank.php","meta":{"footnotes":""},"class_list":["post-2986","page","type-page","status-publish","hentry"],"yoast_head":"<!-- This site is optimized with the Yoast SEO plugin v26.4 - https:\/\/yoast.com\/wordpress\/plugins\/seo\/ -->\n<title>Haz tu Pedido - Tienda Mastertec<\/title>\n<meta name=\"robots\" content=\"index, follow, max-snippet:-1, max-image-preview:large, max-video-preview:-1\" \/>\n<link rel=\"canonical\" href=\"https:\/\/www.mastertecmx.com.mx\/tienda\/haz-tu-pedido\/\" \/>\n<meta property=\"og:locale\" content=\"es_MX\" \/>\n<meta property=\"og:type\" content=\"article\" \/>\n<meta property=\"og:title\" content=\"Haz tu Pedido - Tienda Mastertec\" \/>\n<meta property=\"og:description\" content=\"Llena el Formulario Pedidos por Mayoreo\" \/>\n<meta property=\"og:url\" content=\"https:\/\/www.mastertecmx.com.mx\/tienda\/haz-tu-pedido\/\" \/>\n<meta property=\"og:site_name\" content=\"Tienda Mastertec\" \/>\n<meta property=\"article:publisher\" content=\"https:\/\/www.facebook.com\/mastertecmx\" \/>\n<meta property=\"article:modified_time\" content=\"2021-02-21T22:03:16+00:00\" \/>\n<meta name=\"twitter:card\" content=\"summary_large_image\" \/>\n<meta name=\"twitter:site\" content=\"@ventasmastertec\" \/>\n<script type=\"application\/ld+json\" class=\"yoast-schema-graph\">{\"@context\":\"https:\/\/schema.org\",\"@graph\":[{\"@type\":\"WebPage\",\"@id\":\"https:\/\/www.mastertecmx.com.mx\/tienda\/haz-tu-pedido\/\",\"url\":\"https:\/\/www.mastertecmx.com.mx\/tienda\/haz-tu-pedido\/\",\"name\":\"Haz tu Pedido - Tienda Mastertec\",\"isPartOf\":{\"@id\":\"https:\/\/www.mastertecmx.com.mx\/tienda\/#website\"},\"datePublished\":\"2021-02-02T23:00:15+00:00\",\"dateModified\":\"2021-02-21T22:03:16+00:00\",\"breadcrumb\":{\"@id\":\"https:\/\/www.mastertecmx.com.mx\/tienda\/haz-tu-pedido\/#breadcrumb\"},\"inLanguage\":\"es\",\"potentialAction\":[{\"@type\":\"ReadAction\",\"target\":[\"https:\/\/www.mastertecmx.com.mx\/tienda\/haz-tu-pedido\/\"]}]},{\"@type\":\"BreadcrumbList\",\"@id\":\"https:\/\/www.mastertecmx.com.mx\/tienda\/haz-tu-pedido\/#breadcrumb\",\"itemListElement\":[{\"@type\":\"ListItem\",\"position\":1,\"name\":\"Inicio\",\"item\":\"https:\/\/www.mastertecmx.com.mx\/tienda\/\"},{\"@type\":\"ListItem\",\"position\":2,\"name\":\"Haz tu Pedido\"}]},{\"@type\":\"WebSite\",\"@id\":\"https:\/\/www.mastertecmx.com.mx\/tienda\/#website\",\"url\":\"https:\/\/www.mastertecmx.com.mx\/tienda\/\",\"name\":\"Tienda Mastertec\",\"description\":\"Dickies,Red Kap, Dr\u00e4ger, Sk\u00f6ld, Blauer y Duramax\",\"publisher\":{\"@id\":\"https:\/\/www.mastertecmx.com.mx\/tienda\/#organization\"},\"potentialAction\":[{\"@type\":\"SearchAction\",\"target\":{\"@type\":\"EntryPoint\",\"urlTemplate\":\"https:\/\/www.mastertecmx.com.mx\/tienda\/?s={search_term_string}\"},\"query-input\":{\"@type\":\"PropertyValueSpecification\",\"valueRequired\":true,\"valueName\":\"search_term_string\"}}],\"inLanguage\":\"es\"},{\"@type\":\"Organization\",\"@id\":\"https:\/\/www.mastertecmx.com.mx\/tienda\/#organization\",\"name\":\"Tienda Mastertec\",\"url\":\"https:\/\/www.mastertecmx.com.mx\/tienda\/\",\"logo\":{\"@type\":\"ImageObject\",\"inLanguage\":\"es\",\"@id\":\"https:\/\/www.mastertecmx.com.mx\/tienda\/#\/schema\/logo\/image\/\",\"url\":\"https:\/\/www.mastertecmx.com.mx\/tienda\/wp-content\/uploads\/2021\/01\/mttc-logo@2x.png\",\"contentUrl\":\"https:\/\/www.mastertecmx.com.mx\/tienda\/wp-content\/uploads\/2021\/01\/mttc-logo@2x.png\",\"width\":200,\"height\":92,\"caption\":\"Tienda Mastertec\"},\"image\":{\"@id\":\"https:\/\/www.mastertecmx.com.mx\/tienda\/#\/schema\/logo\/image\/\"},\"sameAs\":[\"https:\/\/www.facebook.com\/mastertecmx\",\"https:\/\/x.com\/ventasmastertec\",\"https:\/\/www.instagram.com\/mastertecmexico\",\"https:\/\/www.linkedin.com\/company\/37902264\/admin\/feed\/posts\/\"]}]}<\/script>\n<!-- \/ Yoast SEO plugin. -->","yoast_head_json":{"title":"Haz tu Pedido - Tienda Mastertec","robots":{"index":"index","follow":"follow","max-snippet":"max-snippet:-1","max-image-preview":"max-image-preview:large","max-video-preview":"max-video-preview:-1"},"canonical":"https:\/\/www.mastertecmx.com.mx\/tienda\/haz-tu-pedido\/","og_locale":"es_MX","og_type":"article","og_title":"Haz tu Pedido - Tienda Mastertec","og_description":"Llena el Formulario Pedidos por Mayoreo","og_url":"https:\/\/www.mastertecmx.com.mx\/tienda\/haz-tu-pedido\/","og_site_name":"Tienda Mastertec","article_publisher":"https:\/\/www.facebook.com\/mastertecmx","article_modified_time":"2021-02-21T22:03:16+00:00","twitter_card":"summary_large_image","twitter_site":"@ventasmastertec","schema":{"@context":"https:\/\/schema.org","@graph":[{"@type":"WebPage","@id":"https:\/\/www.mastertecmx.com.mx\/tienda\/haz-tu-pedido\/","url":"https:\/\/www.mastertecmx.com.mx\/tienda\/haz-tu-pedido\/","name":"Haz tu Pedido - Tienda Mastertec","isPartOf":{"@id":"https:\/\/www.mastertecmx.com.mx\/tienda\/#website"},"datePublished":"2021-02-02T23:00:15+00:00","dateModified":"2021-02-21T22:03:16+00:00","breadcrumb":{"@id":"https:\/\/www.mastertecmx.com.mx\/tienda\/haz-tu-pedido\/#breadcrumb"},"inLanguage":"es","potentialAction":[{"@type":"ReadAction","target":["https:\/\/www.mastertecmx.com.mx\/tienda\/haz-tu-pedido\/"]}]},{"@type":"BreadcrumbList","@id":"https:\/\/www.mastertecmx.com.mx\/tienda\/haz-tu-pedido\/#breadcrumb","itemListElement":[{"@type":"ListItem","position":1,"name":"Inicio","item":"https:\/\/www.mastertecmx.com.mx\/tienda\/"},{"@type":"ListItem","position":2,"name":"Haz tu Pedido"}]},{"@type":"WebSite","@id":"https:\/\/www.mastertecmx.com.mx\/tienda\/#website","url":"https:\/\/www.mastertecmx.com.mx\/tienda\/","name":"Tienda Mastertec","description":"Dickies,Red Kap, Dr\u00e4ger, Sk\u00f6ld, Blauer y Duramax","publisher":{"@id":"https:\/\/www.mastertecmx.com.mx\/tienda\/#organization"},"potentialAction":[{"@type":"SearchAction","target":{"@type":"EntryPoint","urlTemplate":"https:\/\/www.mastertecmx.com.mx\/tienda\/?s={search_term_string}"},"query-input":{"@type":"PropertyValueSpecification","valueRequired":true,"valueName":"search_term_string"}}],"inLanguage":"es"},{"@type":"Organization","@id":"https:\/\/www.mastertecmx.com.mx\/tienda\/#organization","name":"Tienda Mastertec","url":"https:\/\/www.mastertecmx.com.mx\/tienda\/","logo":{"@type":"ImageObject","inLanguage":"es","@id":"https:\/\/www.mastertecmx.com.mx\/tienda\/#\/schema\/logo\/image\/","url":"https:\/\/www.mastertecmx.com.mx\/tienda\/wp-content\/uploads\/2021\/01\/mttc-logo@2x.png","contentUrl":"https:\/\/www.mastertecmx.com.mx\/tienda\/wp-content\/uploads\/2021\/01\/mttc-logo@2x.png","width":200,"height":92,"caption":"Tienda Mastertec"},"image":{"@id":"https:\/\/www.mastertecmx.com.mx\/tienda\/#\/schema\/logo\/image\/"},"sameAs":["https:\/\/www.facebook.com\/mastertecmx","https:\/\/x.com\/ventasmastertec","https:\/\/www.instagram.com\/mastertecmexico","https:\/\/www.linkedin.com\/company\/37902264\/admin\/feed\/posts\/"]}]}},"_links":{"self":[{"href":"https:\/\/www.mastertecmx.com.mx\/tienda\/wp-json\/wp\/v2\/pages\/2986","targetHints":{"allow":["GET"]}}],"collection":[{"href":"https:\/\/www.mastertecmx.com.mx\/tienda\/wp-json\/wp\/v2\/pages"}],"about":[{"href":"https:\/\/www.mastertecmx.com.mx\/tienda\/wp-json\/wp\/v2\/types\/page"}],"author":[{"embeddable":true,"href":"https:\/\/www.mastertecmx.com.mx\/tienda\/wp-json\/wp\/v2\/users\/1"}],"replies":[{"embeddable":true,"href":"https:\/\/www.mastertecmx.com.mx\/tienda\/wp-json\/wp\/v2\/comments?post=2986"}],"version-history":[{"count":24,"href":"https:\/\/www.mastertecmx.com.mx\/tienda\/wp-json\/wp\/v2\/pages\/2986\/revisions"}],"predecessor-version":[{"id":3513,"href":"https:\/\/www.mastertecmx.com.mx\/tienda\/wp-json\/wp\/v2\/pages\/2986\/revisions\/3513"}],"wp:attachment":[{"href":"https:\/\/www.mastertecmx.com.mx\/tienda\/wp-json\/wp\/v2\/media?parent=2986"}],"curies":[{"name":"wp","href":"https:\/\/api.w.org\/{rel}","templated":true}]}}