{"id":3263,"date":"2021-02-18T16:40:56","date_gmt":"2021-02-18T22:40:56","guid":{"rendered":"https:\/\/www.mastertecmx.com.mx\/tienda\/?post_type=product&#038;p=3263"},"modified":"2022-05-31T15:57:33","modified_gmt":"2022-05-31T20:57:33","slug":"pantalon-casual-de-algodon-mayoreo","status":"publish","type":"product","link":"https:\/\/www.mastertecmx.com.mx\/tienda\/producto\/pantalon-casual-de-algodon-mayoreo\/","title":{"rendered":"Pantal\u00f3n Casual de Algod\u00f3n Frente Liso &#8211; Mayoreo"},"content":{"rendered":"<p><span style=\"color: #de4600;\"><b>El envi\u00f3 es de 10 a 15 d\u00edas\u00a0h\u00e1biles aproximado<\/b><\/span><\/p>\n<p><span style=\"color: #339966;\"><strong>Los tiempos de entrega pueden variar por diversos factores ajenos a Mastertec, este producto es sobre pedido.<\/strong><\/span><\/p>\n<table class=\"lot-number-table col-xs-12 no-pad-lr\">\n<thead>\n<tr>\n<th class=\"bold\">COLOR<\/th>\n<th class=\"bold\">LOT NO.<\/th>\n<th class=\"bold\" colspan=\"3\">TALLAS<\/th>\n<\/tr>\n<\/thead>\n<tbody>\n<tr class=\"lot-number-row\">\n<td>Negro<\/td>\n<td>WP31BK<\/td>\n<td>28, 30, 32-34, 36-48<\/td>\n<\/tr>\n<tr class=\"lot-number-row\">\n<td>Azul Marino Oscuro<\/td>\n<td>WP31DN<\/td>\n<td>28, 30, 32-34, 36-48<\/td>\n<\/tr>\n<tr class=\"lot-number-row\">\n<td>Caqui<\/td>\n<td>WP31KH<\/td>\n<td>28, 30, 32-34, 36-48<\/td>\n<\/tr>\n<\/tbody>\n<\/table>\n<p>Para una imagen de negocios Pantal\u00f3n de Hombre Casual de Algod\u00f3n Frente Liso de Dickies, son una gran opci\u00f3n. Est\u00e1n hechos de una tela de gabardina duradera de Algod\u00f3n que brinda gran comodidad. Adem\u00e1s, gracias al acabado resistente a las arrugas y a las manchas tienen buena resistencia a las lavadas.<\/p>\n<p><strong>Caracter\u00edsticas:<\/strong><\/p>\n<ul class=\"features-table\">\n<li>100% Algod\u00f3n.<\/li>\n<li>Lavado delicado.<\/li>\n<li>Cierre con bot\u00f3n.<\/li>\n<li>Gabardina de 8 oz.<\/li>\n<li>Resiste a las arrugas Repelente a las manchas para cuidado f\u00e1cil.<\/li>\n<li>Bolsillos traseros rectos.<\/li>\n<li>Pretina de 1.5 &#8220;.<\/li>\n<\/ul>\n<p><span style=\"color: #008000;\"><strong>Las descripciones y detalles de los productos se encuentran sujetos a cambio y sin previo aviso. Hacemos un esfuerzo grande por actualizar peri\u00f3dicamente sin embargo cualquier duda la aclaramos al momento de realizar su pedido.<\/strong><\/span><\/p>\n","protected":false},"excerpt":{"rendered":"<p><strong>VENTA POR MAYOREO<\/strong><br \/>\n<span style=\"color: #339966;\">DISPONIBILIDAD: SOBRE PEDIDO<\/span><br \/>\n<span style=\"color: #de4600;\"><strong>Compra m\u00ednima 12 pantalones<\/strong><\/span><\/p>\n<p><span style=\"color: #0089c6;\"><strong>&#8212; LAS TALLAS Y COLORES LO INDICAS EN EL FORMULARIO DE PEDIDO &#8212;<\/strong><\/span><\/p>\n<p><a href=\"https:\/\/www.mastertecmx.com.mx\/tienda\/haz-tu-pedido\/\"><span style=\"color: #de4600;\"><strong>CLIC AQU<\/strong><\/span><span style=\"color: #de4600;\"><strong>\u00cd Y LLENA EL FORMULARIO<\/strong><\/span><\/a><\/p>\n","protected":false},"featured_media":3271,"menu_order":0,"comment_status":"open","ping_status":"closed","template":"","meta":[],"product_brand":[],"product_cat":[223,224,232,236,225,227],"product_tag":[],"class_list":{"0":"post-3263","1":"product","2":"type-product","3":"status-publish","4":"has-post-thumbnail","6":"product_cat-dickies","7":"product_cat-dickies-mayoreo","8":"product_cat-dickies-mayoreo-hombres","9":"product_cat-dickies-mayoreo-hombres-pantalones","10":"product_cat-hombres-dickies","11":"product_cat-pantalones-dickies","13":"first","14":"outofstock","15":"shipping-taxable","16":"product-type-variable","17":"rtwpvg-product","18":"rtwpvs-product"},"yoast_head":"<!-- This site is optimized with the Yoast SEO plugin v26.4 - https:\/\/yoast.com\/wordpress\/plugins\/seo\/ -->\n<title>Pantal\u00f3n Casual de Algod\u00f3n Frente Liso - Mayoreo - Tienda Mastertec<\/title>\n<meta name=\"robots\" content=\"index, follow, max-snippet:-1, max-image-preview:large, max-video-preview:-1\" \/>\n<link rel=\"canonical\" href=\"https:\/\/www.mastertecmx.com.mx\/tienda\/producto\/pantalon-casual-de-algodon-mayoreo\/\" \/>\n<meta property=\"og:locale\" content=\"es_MX\" \/>\n<meta property=\"og:type\" content=\"article\" \/>\n<meta property=\"og:title\" content=\"Pantal\u00f3n Casual de Algod\u00f3n Frente Liso - Mayoreo - Tienda Mastertec\" \/>\n<meta property=\"og:description\" content=\"VENTA POR MAYOREO DISPONIBILIDAD: SOBRE PEDIDO Compra m\u00ednima 12 pantalones  -- LAS TALLAS Y COLORES LO INDICAS EN EL FORMULARIO DE PEDIDO --  CLIC AQU\u00cd Y LLENA EL FORMULARIO\" \/>\n<meta property=\"og:url\" content=\"https:\/\/www.mastertecmx.com.mx\/tienda\/producto\/pantalon-casual-de-algodon-mayoreo\/\" \/>\n<meta property=\"og:site_name\" content=\"Tienda Mastertec\" \/>\n<meta property=\"article:publisher\" content=\"https:\/\/www.facebook.com\/mastertecmx\" \/>\n<meta property=\"article:modified_time\" content=\"2022-05-31T20:57:33+00:00\" \/>\n<meta property=\"og:image\" content=\"https:\/\/www.mastertecmx.com.mx\/tienda\/wp-content\/uploads\/2021\/02\/SPS_DW_WP31DN_F.jpg\" \/>\n\t<meta property=\"og:image:width\" content=\"1200\" \/>\n\t<meta property=\"og:image:height\" content=\"1200\" \/>\n\t<meta property=\"og:image:type\" content=\"image\/jpeg\" \/>\n<meta name=\"twitter:card\" content=\"summary_large_image\" \/>\n<meta name=\"twitter:site\" content=\"@ventasmastertec\" \/>\n<meta name=\"twitter:label1\" content=\"Tiempo de lectura\" \/>\n\t<meta name=\"twitter:data1\" content=\"1 minuto\" \/>\n<script type=\"application\/ld+json\" class=\"yoast-schema-graph\">{\"@context\":\"https:\/\/schema.org\",\"@graph\":[{\"@type\":\"WebPage\",\"@id\":\"https:\/\/www.mastertecmx.com.mx\/tienda\/producto\/pantalon-casual-de-algodon-mayoreo\/\",\"url\":\"https:\/\/www.mastertecmx.com.mx\/tienda\/producto\/pantalon-casual-de-algodon-mayoreo\/\",\"name\":\"Pantal\u00f3n Casual de Algod\u00f3n Frente Liso - Mayoreo - Tienda Mastertec\",\"isPartOf\":{\"@id\":\"https:\/\/www.mastertecmx.com.mx\/tienda\/#website\"},\"primaryImageOfPage\":{\"@id\":\"https:\/\/www.mastertecmx.com.mx\/tienda\/producto\/pantalon-casual-de-algodon-mayoreo\/#primaryimage\"},\"image\":{\"@id\":\"https:\/\/www.mastertecmx.com.mx\/tienda\/producto\/pantalon-casual-de-algodon-mayoreo\/#primaryimage\"},\"thumbnailUrl\":\"https:\/\/www.mastertecmx.com.mx\/tienda\/wp-content\/uploads\/2021\/02\/SPS_DW_WP31DN_F.jpg\",\"datePublished\":\"2021-02-18T22:40:56+00:00\",\"dateModified\":\"2022-05-31T20:57:33+00:00\",\"breadcrumb\":{\"@id\":\"https:\/\/www.mastertecmx.com.mx\/tienda\/producto\/pantalon-casual-de-algodon-mayoreo\/#breadcrumb\"},\"inLanguage\":\"es\",\"potentialAction\":[{\"@type\":\"ReadAction\",\"target\":[\"https:\/\/www.mastertecmx.com.mx\/tienda\/producto\/pantalon-casual-de-algodon-mayoreo\/\"]}]},{\"@type\":\"ImageObject\",\"inLanguage\":\"es\",\"@id\":\"https:\/\/www.mastertecmx.com.mx\/tienda\/producto\/pantalon-casual-de-algodon-mayoreo\/#primaryimage\",\"url\":\"https:\/\/www.mastertecmx.com.mx\/tienda\/wp-content\/uploads\/2021\/02\/SPS_DW_WP31DN_F.jpg\",\"contentUrl\":\"https:\/\/www.mastertecmx.com.mx\/tienda\/wp-content\/uploads\/2021\/02\/SPS_DW_WP31DN_F.jpg\",\"width\":1200,\"height\":1200,\"caption\":\"SPS_DW_WP31DN_F\"},{\"@type\":\"BreadcrumbList\",\"@id\":\"https:\/\/www.mastertecmx.com.mx\/tienda\/producto\/pantalon-casual-de-algodon-mayoreo\/#breadcrumb\",\"itemListElement\":[{\"@type\":\"ListItem\",\"position\":1,\"name\":\"Inicio\",\"item\":\"https:\/\/www.mastertecmx.com.mx\/tienda\/\"},{\"@type\":\"ListItem\",\"position\":2,\"name\":\"Todos los Productos\",\"item\":\"https:\/\/www.mastertecmx.com.mx\/tienda\/todos-los-productos\/\"},{\"@type\":\"ListItem\",\"position\":3,\"name\":\"Pantal\u00f3n Casual de Algod\u00f3n Frente Liso &#8211; Mayoreo\"}]},{\"@type\":\"WebSite\",\"@id\":\"https:\/\/www.mastertecmx.com.mx\/tienda\/#website\",\"url\":\"https:\/\/www.mastertecmx.com.mx\/tienda\/\",\"name\":\"Tienda Mastertec\",\"description\":\"Dickies,Red Kap, Dr\u00e4ger, Sk\u00f6ld, Blauer y Duramax\",\"publisher\":{\"@id\":\"https:\/\/www.mastertecmx.com.mx\/tienda\/#organization\"},\"potentialAction\":[{\"@type\":\"SearchAction\",\"target\":{\"@type\":\"EntryPoint\",\"urlTemplate\":\"https:\/\/www.mastertecmx.com.mx\/tienda\/?s={search_term_string}\"},\"query-input\":{\"@type\":\"PropertyValueSpecification\",\"valueRequired\":true,\"valueName\":\"search_term_string\"}}],\"inLanguage\":\"es\"},{\"@type\":\"Organization\",\"@id\":\"https:\/\/www.mastertecmx.com.mx\/tienda\/#organization\",\"name\":\"Tienda Mastertec\",\"url\":\"https:\/\/www.mastertecmx.com.mx\/tienda\/\",\"logo\":{\"@type\":\"ImageObject\",\"inLanguage\":\"es\",\"@id\":\"https:\/\/www.mastertecmx.com.mx\/tienda\/#\/schema\/logo\/image\/\",\"url\":\"https:\/\/www.mastertecmx.com.mx\/tienda\/wp-content\/uploads\/2021\/01\/mttc-logo@2x.png\",\"contentUrl\":\"https:\/\/www.mastertecmx.com.mx\/tienda\/wp-content\/uploads\/2021\/01\/mttc-logo@2x.png\",\"width\":200,\"height\":92,\"caption\":\"Tienda Mastertec\"},\"image\":{\"@id\":\"https:\/\/www.mastertecmx.com.mx\/tienda\/#\/schema\/logo\/image\/\"},\"sameAs\":[\"https:\/\/www.facebook.com\/mastertecmx\",\"https:\/\/x.com\/ventasmastertec\",\"https:\/\/www.instagram.com\/mastertecmexico\",\"https:\/\/www.linkedin.com\/company\/37902264\/admin\/feed\/posts\/\"]}]}<\/script>\n<!-- \/ Yoast SEO plugin. -->","yoast_head_json":{"title":"Pantal\u00f3n Casual de Algod\u00f3n Frente Liso - Mayoreo - Tienda Mastertec","robots":{"index":"index","follow":"follow","max-snippet":"max-snippet:-1","max-image-preview":"max-image-preview:large","max-video-preview":"max-video-preview:-1"},"canonical":"https:\/\/www.mastertecmx.com.mx\/tienda\/producto\/pantalon-casual-de-algodon-mayoreo\/","og_locale":"es_MX","og_type":"article","og_title":"Pantal\u00f3n Casual de Algod\u00f3n Frente Liso - Mayoreo - Tienda Mastertec","og_description":"VENTA POR MAYOREO DISPONIBILIDAD: SOBRE PEDIDO Compra m\u00ednima 12 pantalones  -- LAS TALLAS Y COLORES LO INDICAS EN EL FORMULARIO DE PEDIDO --  CLIC AQU\u00cd Y LLENA EL FORMULARIO","og_url":"https:\/\/www.mastertecmx.com.mx\/tienda\/producto\/pantalon-casual-de-algodon-mayoreo\/","og_site_name":"Tienda Mastertec","article_publisher":"https:\/\/www.facebook.com\/mastertecmx","article_modified_time":"2022-05-31T20:57:33+00:00","og_image":[{"width":1200,"height":1200,"url":"https:\/\/www.mastertecmx.com.mx\/tienda\/wp-content\/uploads\/2021\/02\/SPS_DW_WP31DN_F.jpg","type":"image\/jpeg"}],"twitter_card":"summary_large_image","twitter_site":"@ventasmastertec","twitter_misc":{"Tiempo de lectura":"1 minuto"},"schema":{"@context":"https:\/\/schema.org","@graph":[{"@type":"WebPage","@id":"https:\/\/www.mastertecmx.com.mx\/tienda\/producto\/pantalon-casual-de-algodon-mayoreo\/","url":"https:\/\/www.mastertecmx.com.mx\/tienda\/producto\/pantalon-casual-de-algodon-mayoreo\/","name":"Pantal\u00f3n Casual de Algod\u00f3n Frente Liso - Mayoreo - Tienda Mastertec","isPartOf":{"@id":"https:\/\/www.mastertecmx.com.mx\/tienda\/#website"},"primaryImageOfPage":{"@id":"https:\/\/www.mastertecmx.com.mx\/tienda\/producto\/pantalon-casual-de-algodon-mayoreo\/#primaryimage"},"image":{"@id":"https:\/\/www.mastertecmx.com.mx\/tienda\/producto\/pantalon-casual-de-algodon-mayoreo\/#primaryimage"},"thumbnailUrl":"https:\/\/www.mastertecmx.com.mx\/tienda\/wp-content\/uploads\/2021\/02\/SPS_DW_WP31DN_F.jpg","datePublished":"2021-02-18T22:40:56+00:00","dateModified":"2022-05-31T20:57:33+00:00","breadcrumb":{"@id":"https:\/\/www.mastertecmx.com.mx\/tienda\/producto\/pantalon-casual-de-algodon-mayoreo\/#breadcrumb"},"inLanguage":"es","potentialAction":[{"@type":"ReadAction","target":["https:\/\/www.mastertecmx.com.mx\/tienda\/producto\/pantalon-casual-de-algodon-mayoreo\/"]}]},{"@type":"ImageObject","inLanguage":"es","@id":"https:\/\/www.mastertecmx.com.mx\/tienda\/producto\/pantalon-casual-de-algodon-mayoreo\/#primaryimage","url":"https:\/\/www.mastertecmx.com.mx\/tienda\/wp-content\/uploads\/2021\/02\/SPS_DW_WP31DN_F.jpg","contentUrl":"https:\/\/www.mastertecmx.com.mx\/tienda\/wp-content\/uploads\/2021\/02\/SPS_DW_WP31DN_F.jpg","width":1200,"height":1200,"caption":"SPS_DW_WP31DN_F"},{"@type":"BreadcrumbList","@id":"https:\/\/www.mastertecmx.com.mx\/tienda\/producto\/pantalon-casual-de-algodon-mayoreo\/#breadcrumb","itemListElement":[{"@type":"ListItem","position":1,"name":"Inicio","item":"https:\/\/www.mastertecmx.com.mx\/tienda\/"},{"@type":"ListItem","position":2,"name":"Todos los Productos","item":"https:\/\/www.mastertecmx.com.mx\/tienda\/todos-los-productos\/"},{"@type":"ListItem","position":3,"name":"Pantal\u00f3n Casual de Algod\u00f3n Frente Liso &#8211; Mayoreo"}]},{"@type":"WebSite","@id":"https:\/\/www.mastertecmx.com.mx\/tienda\/#website","url":"https:\/\/www.mastertecmx.com.mx\/tienda\/","name":"Tienda Mastertec","description":"Dickies,Red Kap, Dr\u00e4ger, Sk\u00f6ld, Blauer y Duramax","publisher":{"@id":"https:\/\/www.mastertecmx.com.mx\/tienda\/#organization"},"potentialAction":[{"@type":"SearchAction","target":{"@type":"EntryPoint","urlTemplate":"https:\/\/www.mastertecmx.com.mx\/tienda\/?s={search_term_string}"},"query-input":{"@type":"PropertyValueSpecification","valueRequired":true,"valueName":"search_term_string"}}],"inLanguage":"es"},{"@type":"Organization","@id":"https:\/\/www.mastertecmx.com.mx\/tienda\/#organization","name":"Tienda Mastertec","url":"https:\/\/www.mastertecmx.com.mx\/tienda\/","logo":{"@type":"ImageObject","inLanguage":"es","@id":"https:\/\/www.mastertecmx.com.mx\/tienda\/#\/schema\/logo\/image\/","url":"https:\/\/www.mastertecmx.com.mx\/tienda\/wp-content\/uploads\/2021\/01\/mttc-logo@2x.png","contentUrl":"https:\/\/www.mastertecmx.com.mx\/tienda\/wp-content\/uploads\/2021\/01\/mttc-logo@2x.png","width":200,"height":92,"caption":"Tienda Mastertec"},"image":{"@id":"https:\/\/www.mastertecmx.com.mx\/tienda\/#\/schema\/logo\/image\/"},"sameAs":["https:\/\/www.facebook.com\/mastertecmx","https:\/\/x.com\/ventasmastertec","https:\/\/www.instagram.com\/mastertecmexico","https:\/\/www.linkedin.com\/company\/37902264\/admin\/feed\/posts\/"]}]}},"_links":{"self":[{"href":"https:\/\/www.mastertecmx.com.mx\/tienda\/wp-json\/wp\/v2\/product\/3263","targetHints":{"allow":["GET"]}}],"collection":[{"href":"https:\/\/www.mastertecmx.com.mx\/tienda\/wp-json\/wp\/v2\/product"}],"about":[{"href":"https:\/\/www.mastertecmx.com.mx\/tienda\/wp-json\/wp\/v2\/types\/product"}],"replies":[{"embeddable":true,"href":"https:\/\/www.mastertecmx.com.mx\/tienda\/wp-json\/wp\/v2\/comments?post=3263"}],"wp:featuredmedia":[{"embeddable":true,"href":"https:\/\/www.mastertecmx.com.mx\/tienda\/wp-json\/wp\/v2\/media\/3271"}],"wp:attachment":[{"href":"https:\/\/www.mastertecmx.com.mx\/tienda\/wp-json\/wp\/v2\/media?parent=3263"}],"wp:term":[{"taxonomy":"product_brand","embeddable":true,"href":"https:\/\/www.mastertecmx.com.mx\/tienda\/wp-json\/wp\/v2\/product_brand?post=3263"},{"taxonomy":"product_cat","embeddable":true,"href":"https:\/\/www.mastertecmx.com.mx\/tienda\/wp-json\/wp\/v2\/product_cat?post=3263"},{"taxonomy":"product_tag","embeddable":true,"href":"https:\/\/www.mastertecmx.com.mx\/tienda\/wp-json\/wp\/v2\/product_tag?post=3263"}],"curies":[{"name":"wp","href":"https:\/\/api.w.org\/{rel}","templated":true}]}}