{"id":3457,"date":"2021-02-21T14:05:17","date_gmt":"2021-02-21T20:05:17","guid":{"rendered":"https:\/\/www.mastertecmx.com.mx\/tienda\/?post_type=product&#038;p=3457"},"modified":"2022-05-31T15:41:27","modified_gmt":"2022-05-31T20:41:27","slug":"camisa-tradicional-de-manga-larga-mayoreo","status":"publish","type":"product","link":"https:\/\/www.mastertecmx.com.mx\/tienda\/producto\/camisa-tradicional-de-manga-larga-mayoreo\/","title":{"rendered":"Camisa de Trabajo Tradicional De Manga Larga &#8211; Mayoreo"},"content":{"rendered":"<p><span style=\"color: #ff0000;\"><strong>El env\u00edo es de 10 a 15 d\u00edas h\u00e1biles aproximadamente<\/strong><\/span><\/p>\n<p><span style=\"color: #008000;\"><strong>Los tiempos de entrega pueden variar debido a varios factores fuera del control de Mastertec, este producto es bajo pedido.<\/strong><\/span><\/p>\n<table class=\"lot-number-table col-xs-12 no-pad-lr\">\n<thead>\n<tr>\n<th class=\"bold\"><span style=\"vertical-align: inherit;\"><span style=\"vertical-align: inherit;\"><span style=\"vertical-align: inherit;\"><span style=\"vertical-align: inherit;\">COLOR<\/span><\/span><\/span><\/span><\/th>\n<th class=\"bold\"><span style=\"vertical-align: inherit;\"><span style=\"vertical-align: inherit;\"><span style=\"vertical-align: inherit;\"><span style=\"vertical-align: inherit;\">MODELO<\/span><\/span><\/span><\/span><\/th>\n<th class=\"bold\" colspan=\"3\"><span style=\"vertical-align: inherit;\"><span style=\"vertical-align: inherit;\"><span style=\"vertical-align: inherit;\"><span style=\"vertical-align: inherit;\">TAMA\u00d1O<\/span><\/span><\/span><\/span><\/th>\n<\/tr>\n<\/thead>\n<tbody>\n<tr class=\"lot-number-row\">\n<td><span style=\"vertical-align: inherit;\"><span style=\"vertical-align: inherit;\"><span style=\"vertical-align: inherit;\"><span style=\"vertical-align: inherit;\">Black<\/span><\/span><\/span><\/span><\/td>\n<td><span style=\"vertical-align: inherit;\"><span style=\"vertical-align: inherit;\"><span style=\"vertical-align: inherit;\"><span style=\"vertical-align: inherit;\">5574BK<\/span><\/span><\/span><\/span><\/td>\n<td><span style=\"vertical-align: inherit;\"><span style=\"vertical-align: inherit;\"><span style=\"vertical-align: inherit;\"><span style=\"vertical-align: inherit;\">S-3XL<\/span><\/span><\/span><\/span><\/td>\n<td><span style=\"vertical-align: inherit;\"><span style=\"vertical-align: inherit;\"><span style=\"vertical-align: inherit;\"><span style=\"vertical-align: inherit;\">L-4XL<\/span><\/span><\/span><\/span><\/td>\n<\/tr>\n<tr class=\"lot-number-row\">\n<td><span style=\"vertical-align: inherit;\"><span style=\"vertical-align: inherit;\"><span style=\"vertical-align: inherit;\"><span style=\"vertical-align: inherit;\">Coal<\/span><\/span><\/span><\/span><\/td>\n<td><span style=\"vertical-align: inherit;\"><span style=\"vertical-align: inherit;\"><span style=\"vertical-align: inherit;\"><span style=\"vertical-align: inherit;\">5574CH<\/span><\/span><\/span><\/span><\/td>\n<td><span style=\"vertical-align: inherit;\"><span style=\"vertical-align: inherit;\"><span style=\"vertical-align: inherit;\"><span style=\"vertical-align: inherit;\">S-3XL<\/span><\/span><\/span><\/span><\/td>\n<td><span style=\"vertical-align: inherit;\"><span style=\"vertical-align: inherit;\"><span style=\"vertical-align: inherit;\"><span style=\"vertical-align: inherit;\">L-4XL<\/span><\/span><\/span><\/span><\/td>\n<\/tr>\n<tr class=\"lot-number-row\">\n<td><span style=\"vertical-align: inherit;\"><span style=\"vertical-align: inherit;\"><span style=\"vertical-align: inherit;\"><span style=\"vertical-align: inherit;\">Dark navy<\/span><\/span><\/span><\/span><\/td>\n<td><span style=\"vertical-align: inherit;\"><span style=\"vertical-align: inherit;\"><span style=\"vertical-align: inherit;\"><span style=\"vertical-align: inherit;\">5574DN<\/span><\/span><\/span><\/span><\/td>\n<td><span style=\"vertical-align: inherit;\"><span style=\"vertical-align: inherit;\"><span style=\"vertical-align: inherit;\"><span style=\"vertical-align: inherit;\">S-3XL<\/span><\/span><\/span><\/span><\/td>\n<td><span style=\"vertical-align: inherit;\"><span style=\"vertical-align: inherit;\"><span style=\"vertical-align: inherit;\"><span style=\"vertical-align: inherit;\">L-4XL<\/span><\/span><\/span><\/span><\/td>\n<\/tr>\n<tr class=\"lot-number-row\">\n<td><span style=\"vertical-align: inherit;\"><span style=\"vertical-align: inherit;\"><span style=\"vertical-align: inherit;\"><span style=\"vertical-align: inherit;\">Gulf Blue<\/span><\/span><\/span><\/span><\/td>\n<td><span style=\"vertical-align: inherit;\"><span style=\"vertical-align: inherit;\"><span style=\"vertical-align: inherit;\"><span style=\"vertical-align: inherit;\">5574GB<\/span><\/span><\/span><\/span><\/td>\n<td><span style=\"vertical-align: inherit;\"><span style=\"vertical-align: inherit;\"><span style=\"vertical-align: inherit;\"><span style=\"vertical-align: inherit;\">S-3XL<\/span><\/span><\/span><\/span><\/td>\n<td><span style=\"vertical-align: inherit;\"><span style=\"vertical-align: inherit;\"><span style=\"vertical-align: inherit;\"><span style=\"vertical-align: inherit;\">L-4XL<\/span><\/span><\/span><\/span><\/td>\n<\/tr>\n<tr class=\"lot-number-row\">\n<td><span style=\"vertical-align: inherit;\"><span style=\"vertical-align: inherit;\"><span style=\"vertical-align: inherit;\"><span style=\"vertical-align: inherit;\">Hunter green<\/span><\/span><\/span><\/span><\/td>\n<td><span style=\"vertical-align: inherit;\"><span style=\"vertical-align: inherit;\"><span style=\"vertical-align: inherit;\"><span style=\"vertical-align: inherit;\">5574GH<\/span><\/span><\/span><\/span><\/td>\n<td><span style=\"vertical-align: inherit;\"><span style=\"vertical-align: inherit;\"><span style=\"vertical-align: inherit;\"><span style=\"vertical-align: inherit;\">S-3XL<\/span><\/span><\/span><\/span><\/td>\n<td><span style=\"vertical-align: inherit;\"><span style=\"vertical-align: inherit;\"><span style=\"vertical-align: inherit;\"><span style=\"vertical-align: inherit;\">L-4XL<\/span><\/span><\/span><\/span><\/td>\n<\/tr>\n<tr class=\"lot-number-row\">\n<td><span style=\"vertical-align: inherit;\"><span style=\"vertical-align: inherit;\"><span style=\"vertical-align: inherit;\"><span style=\"vertical-align: inherit;\">Khaki<\/span><\/span><\/span><\/span><\/td>\n<td><span style=\"vertical-align: inherit;\"><span style=\"vertical-align: inherit;\"><span style=\"vertical-align: inherit;\"><span style=\"vertical-align: inherit;\">5574KH<\/span><\/span><\/span><\/span><\/td>\n<td><span style=\"vertical-align: inherit;\"><span style=\"vertical-align: inherit;\"><span style=\"vertical-align: inherit;\"><span style=\"vertical-align: inherit;\">S-3XL<\/span><\/span><\/span><\/span><\/td>\n<td><span style=\"vertical-align: inherit;\"><span style=\"vertical-align: inherit;\"><span style=\"vertical-align: inherit;\"><span style=\"vertical-align: inherit;\">L-4XL<\/span><\/span><\/span><\/span><\/td>\n<\/tr>\n<tr class=\"lot-number-row\">\n<td><span style=\"vertical-align: inherit;\"><span style=\"vertical-align: inherit;\"><span style=\"vertical-align: inherit;\"><span style=\"vertical-align: inherit;\">Navy blue<\/span><\/span><\/span><\/span><\/td>\n<td><span style=\"vertical-align: inherit;\"><span style=\"vertical-align: inherit;\"><span style=\"vertical-align: inherit;\"><span style=\"vertical-align: inherit;\">5574NV<\/span><\/span><\/span><\/span><\/td>\n<td><span style=\"vertical-align: inherit;\"><span style=\"vertical-align: inherit;\"><span style=\"vertical-align: inherit;\"><span style=\"vertical-align: inherit;\">S-3XL<\/span><\/span><\/span><\/span><\/td>\n<td><span style=\"vertical-align: inherit;\"><span style=\"vertical-align: inherit;\"><span style=\"vertical-align: inherit;\"><span style=\"vertical-align: inherit;\">L-4XL<\/span><\/span><\/span><\/span><\/td>\n<\/tr>\n<tr class=\"lot-number-row\">\n<td><span style=\"vertical-align: inherit;\"><span style=\"vertical-align: inherit;\"><span style=\"vertical-align: inherit;\"><span style=\"vertical-align: inherit;\">Olive green<\/span><\/span><\/span><\/span><\/td>\n<td><span style=\"vertical-align: inherit;\"><span style=\"vertical-align: inherit;\"><span style=\"vertical-align: inherit;\"><span style=\"vertical-align: inherit;\">5574OG<\/span><\/span><\/span><\/span><\/td>\n<td><span style=\"vertical-align: inherit;\"><span style=\"vertical-align: inherit;\"><span style=\"vertical-align: inherit;\"><span style=\"vertical-align: inherit;\">S-3XL<\/span><\/span><\/span><\/span><\/td>\n<td><span style=\"vertical-align: inherit;\"><span style=\"vertical-align: inherit;\"><span style=\"vertical-align: inherit;\"><span style=\"vertical-align: inherit;\">L-4XL<\/span><\/span><\/span><\/span><\/td>\n<\/tr>\n<tr class=\"lot-number-row\">\n<td><span style=\"vertical-align: inherit;\"><span style=\"vertical-align: inherit;\"><span style=\"vertical-align: inherit;\"><span style=\"vertical-align: inherit;\">Gray silver<\/span><\/span><\/span><\/span><\/td>\n<td><span style=\"vertical-align: inherit;\"><span style=\"vertical-align: inherit;\"><span style=\"vertical-align: inherit;\"><span style=\"vertical-align: inherit;\">5574SV<\/span><\/span><\/span><\/span><\/td>\n<td><span style=\"vertical-align: inherit;\"><span style=\"vertical-align: inherit;\"><span style=\"vertical-align: inherit;\"><span style=\"vertical-align: inherit;\">S-3XL<\/span><\/span><\/span><\/span><\/td>\n<td><span style=\"vertical-align: inherit;\"><span style=\"vertical-align: inherit;\"><span style=\"vertical-align: inherit;\"><span style=\"vertical-align: inherit;\">L-4XL<\/span><\/span><\/span><\/span><\/td>\n<\/tr>\n<\/tbody>\n<\/table>\n<p>La camisa de trabajo de manga larga tiene un corte amplio en los hombros y el pecho, para darte una gran libertad de movimiento. Su corte de fondo es cuadrado, queda bien por dentro o por fuera del pantal\u00f3n. Est\u00e1 confeccionada con tela resistente de poli\u00e9ster y algod\u00f3n, especialmente tejida para una mayor durabilidad. Esta camiseta tambi\u00e9n te ayudar\u00e1 a mantenerte seco, gracias a sus propiedades absorbentes y absorbentes de la humedad. Tiene dos bolsillos de solapa en el pecho, divisi\u00f3n de l\u00e1piz en el bolsillo izquierdo, cuello est\u00e1ndar extendido y botones de melanina.<\/p>\n<p><strong>Caracter\u00edsticas:<\/strong><\/p>\n<ul>\n<li>65% poli\u00e9ster \/ 35% Algod\u00f3n.<\/li>\n<li>Lavado en casa.<\/li>\n<li>Collar de 2 piezas.<\/li>\n<li>Gabardina de 5.25 oz.<\/li>\n<\/ul>\n<p><span style=\"color: #008000;\"><strong>Las descripciones y detalles de los productos se encuentran sujetos a cambio y sin previo aviso. Hacemos un esfuerzo grande por actualizar peri\u00f3dicamente sin embargo cualquier duda la aclaramos al momento de realizar su pedido.<\/strong><\/span><\/p>\n","protected":false},"excerpt":{"rendered":"<p><strong><span style=\"vertical-align: inherit;\">VENTA POR MAYOREO<\/span><\/strong><br \/>\n<span style=\"color: #339966;\"><span style=\"vertical-align: inherit;\">DISPONIBILIDAD: SOBRE PEDIDO<\/span><\/span><br \/>\n<span style=\"color: #de4600;\"><span style=\"vertical-align: inherit;\"><b style=\"color: #de4600;\">Compra <\/b><b>m\u00ednima<\/b><b style=\"color: #de4600;\">\u00a016 camisas<\/b><\/span><\/span><\/p>\n<p><span style=\"color: #0089c6;\"><strong><span style=\"vertical-align: inherit;\">&#8211; LAS TALLAS Y COLORES LO INDICAS EN EL FORMULARIO DE PEDIDO &#8211;<\/span><\/strong><\/span><\/p>\n<p><a href=\"https:\/\/www.mastertecmx.com.mx\/tienda\/haz-tu-pedido\/\"><span style=\"color: #de4600;\"><strong><span style=\"vertical-align: inherit;\">CLIC AQUI Y LLENA EL FORMULARIO<\/span><\/strong><\/span><\/a><\/p>\n","protected":false},"featured_media":3463,"menu_order":0,"comment_status":"open","ping_status":"closed","template":"","meta":[],"product_brand":[],"product_cat":[226,223,224,232,235,225],"product_tag":[],"class_list":{"0":"post-3457","1":"product","2":"type-product","3":"status-publish","4":"has-post-thumbnail","6":"product_cat-camisas-dickies","7":"product_cat-dickies","8":"product_cat-dickies-mayoreo","9":"product_cat-dickies-mayoreo-hombres","10":"product_cat-dickies-mayoreo-hombres-camisas","11":"product_cat-hombres-dickies","13":"first","14":"outofstock","15":"shipping-taxable","16":"product-type-variable","17":"rtwpvg-product","18":"rtwpvs-product"},"yoast_head":"<!-- This site is optimized with the Yoast SEO plugin v26.4 - https:\/\/yoast.com\/wordpress\/plugins\/seo\/ -->\n<title>Camisa de Trabajo Tradicional De Manga Larga - Mayoreo - Tienda Mastertec<\/title>\n<meta name=\"robots\" content=\"index, follow, max-snippet:-1, max-image-preview:large, max-video-preview:-1\" \/>\n<link rel=\"canonical\" href=\"https:\/\/www.mastertecmx.com.mx\/tienda\/producto\/camisa-tradicional-de-manga-larga-mayoreo\/\" \/>\n<meta property=\"og:locale\" content=\"es_MX\" \/>\n<meta property=\"og:type\" content=\"article\" \/>\n<meta property=\"og:title\" content=\"Camisa de Trabajo Tradicional De Manga Larga - Mayoreo - Tienda Mastertec\" \/>\n<meta property=\"og:description\" content=\"VENTA POR MAYOREO DISPONIBILIDAD: SOBRE PEDIDO Compra m\u00ednima\u00a016 camisas  - LAS TALLAS Y COLORES LO INDICAS EN EL FORMULARIO DE PEDIDO -  CLIC AQUI Y LLENA EL FORMULARIO\" \/>\n<meta property=\"og:url\" content=\"https:\/\/www.mastertecmx.com.mx\/tienda\/producto\/camisa-tradicional-de-manga-larga-mayoreo\/\" \/>\n<meta property=\"og:site_name\" content=\"Tienda Mastertec\" \/>\n<meta property=\"article:publisher\" content=\"https:\/\/www.facebook.com\/mastertecmx\" \/>\n<meta property=\"article:modified_time\" content=\"2022-05-31T20:41:27+00:00\" \/>\n<meta property=\"og:image\" content=\"https:\/\/www.mastertecmx.com.mx\/tienda\/wp-content\/uploads\/2021\/02\/SPS_DW_5574CH_F.jpg\" \/>\n\t<meta property=\"og:image:width\" content=\"1200\" \/>\n\t<meta property=\"og:image:height\" content=\"1200\" \/>\n\t<meta property=\"og:image:type\" content=\"image\/jpeg\" \/>\n<meta name=\"twitter:card\" content=\"summary_large_image\" \/>\n<meta name=\"twitter:site\" content=\"@ventasmastertec\" \/>\n<meta name=\"twitter:label1\" content=\"Tiempo de lectura\" \/>\n\t<meta name=\"twitter:data1\" content=\"1 minuto\" \/>\n<script type=\"application\/ld+json\" class=\"yoast-schema-graph\">{\"@context\":\"https:\/\/schema.org\",\"@graph\":[{\"@type\":\"WebPage\",\"@id\":\"https:\/\/www.mastertecmx.com.mx\/tienda\/producto\/camisa-tradicional-de-manga-larga-mayoreo\/\",\"url\":\"https:\/\/www.mastertecmx.com.mx\/tienda\/producto\/camisa-tradicional-de-manga-larga-mayoreo\/\",\"name\":\"Camisa de Trabajo Tradicional De Manga Larga - Mayoreo - Tienda Mastertec\",\"isPartOf\":{\"@id\":\"https:\/\/www.mastertecmx.com.mx\/tienda\/#website\"},\"primaryImageOfPage\":{\"@id\":\"https:\/\/www.mastertecmx.com.mx\/tienda\/producto\/camisa-tradicional-de-manga-larga-mayoreo\/#primaryimage\"},\"image\":{\"@id\":\"https:\/\/www.mastertecmx.com.mx\/tienda\/producto\/camisa-tradicional-de-manga-larga-mayoreo\/#primaryimage\"},\"thumbnailUrl\":\"https:\/\/www.mastertecmx.com.mx\/tienda\/wp-content\/uploads\/2021\/02\/SPS_DW_5574CH_F.jpg\",\"datePublished\":\"2021-02-21T20:05:17+00:00\",\"dateModified\":\"2022-05-31T20:41:27+00:00\",\"breadcrumb\":{\"@id\":\"https:\/\/www.mastertecmx.com.mx\/tienda\/producto\/camisa-tradicional-de-manga-larga-mayoreo\/#breadcrumb\"},\"inLanguage\":\"es\",\"potentialAction\":[{\"@type\":\"ReadAction\",\"target\":[\"https:\/\/www.mastertecmx.com.mx\/tienda\/producto\/camisa-tradicional-de-manga-larga-mayoreo\/\"]}]},{\"@type\":\"ImageObject\",\"inLanguage\":\"es\",\"@id\":\"https:\/\/www.mastertecmx.com.mx\/tienda\/producto\/camisa-tradicional-de-manga-larga-mayoreo\/#primaryimage\",\"url\":\"https:\/\/www.mastertecmx.com.mx\/tienda\/wp-content\/uploads\/2021\/02\/SPS_DW_5574CH_F.jpg\",\"contentUrl\":\"https:\/\/www.mastertecmx.com.mx\/tienda\/wp-content\/uploads\/2021\/02\/SPS_DW_5574CH_F.jpg\",\"width\":1200,\"height\":1200,\"caption\":\"SPS_DW_5574CH_F\"},{\"@type\":\"BreadcrumbList\",\"@id\":\"https:\/\/www.mastertecmx.com.mx\/tienda\/producto\/camisa-tradicional-de-manga-larga-mayoreo\/#breadcrumb\",\"itemListElement\":[{\"@type\":\"ListItem\",\"position\":1,\"name\":\"Inicio\",\"item\":\"https:\/\/www.mastertecmx.com.mx\/tienda\/\"},{\"@type\":\"ListItem\",\"position\":2,\"name\":\"Todos los Productos\",\"item\":\"https:\/\/www.mastertecmx.com.mx\/tienda\/todos-los-productos\/\"},{\"@type\":\"ListItem\",\"position\":3,\"name\":\"Camisa de Trabajo Tradicional De Manga Larga &#8211; Mayoreo\"}]},{\"@type\":\"WebSite\",\"@id\":\"https:\/\/www.mastertecmx.com.mx\/tienda\/#website\",\"url\":\"https:\/\/www.mastertecmx.com.mx\/tienda\/\",\"name\":\"Tienda Mastertec\",\"description\":\"Dickies,Red Kap, Dr\u00e4ger, Sk\u00f6ld, Blauer y Duramax\",\"publisher\":{\"@id\":\"https:\/\/www.mastertecmx.com.mx\/tienda\/#organization\"},\"potentialAction\":[{\"@type\":\"SearchAction\",\"target\":{\"@type\":\"EntryPoint\",\"urlTemplate\":\"https:\/\/www.mastertecmx.com.mx\/tienda\/?s={search_term_string}\"},\"query-input\":{\"@type\":\"PropertyValueSpecification\",\"valueRequired\":true,\"valueName\":\"search_term_string\"}}],\"inLanguage\":\"es\"},{\"@type\":\"Organization\",\"@id\":\"https:\/\/www.mastertecmx.com.mx\/tienda\/#organization\",\"name\":\"Tienda Mastertec\",\"url\":\"https:\/\/www.mastertecmx.com.mx\/tienda\/\",\"logo\":{\"@type\":\"ImageObject\",\"inLanguage\":\"es\",\"@id\":\"https:\/\/www.mastertecmx.com.mx\/tienda\/#\/schema\/logo\/image\/\",\"url\":\"https:\/\/www.mastertecmx.com.mx\/tienda\/wp-content\/uploads\/2021\/01\/mttc-logo@2x.png\",\"contentUrl\":\"https:\/\/www.mastertecmx.com.mx\/tienda\/wp-content\/uploads\/2021\/01\/mttc-logo@2x.png\",\"width\":200,\"height\":92,\"caption\":\"Tienda Mastertec\"},\"image\":{\"@id\":\"https:\/\/www.mastertecmx.com.mx\/tienda\/#\/schema\/logo\/image\/\"},\"sameAs\":[\"https:\/\/www.facebook.com\/mastertecmx\",\"https:\/\/x.com\/ventasmastertec\",\"https:\/\/www.instagram.com\/mastertecmexico\",\"https:\/\/www.linkedin.com\/company\/37902264\/admin\/feed\/posts\/\"]}]}<\/script>\n<!-- \/ Yoast SEO plugin. -->","yoast_head_json":{"title":"Camisa de Trabajo Tradicional De Manga Larga - Mayoreo - Tienda Mastertec","robots":{"index":"index","follow":"follow","max-snippet":"max-snippet:-1","max-image-preview":"max-image-preview:large","max-video-preview":"max-video-preview:-1"},"canonical":"https:\/\/www.mastertecmx.com.mx\/tienda\/producto\/camisa-tradicional-de-manga-larga-mayoreo\/","og_locale":"es_MX","og_type":"article","og_title":"Camisa de Trabajo Tradicional De Manga Larga - Mayoreo - Tienda Mastertec","og_description":"VENTA POR MAYOREO DISPONIBILIDAD: SOBRE PEDIDO Compra m\u00ednima\u00a016 camisas  - LAS TALLAS Y COLORES LO INDICAS EN EL FORMULARIO DE PEDIDO -  CLIC AQUI Y LLENA EL FORMULARIO","og_url":"https:\/\/www.mastertecmx.com.mx\/tienda\/producto\/camisa-tradicional-de-manga-larga-mayoreo\/","og_site_name":"Tienda Mastertec","article_publisher":"https:\/\/www.facebook.com\/mastertecmx","article_modified_time":"2022-05-31T20:41:27+00:00","og_image":[{"width":1200,"height":1200,"url":"https:\/\/www.mastertecmx.com.mx\/tienda\/wp-content\/uploads\/2021\/02\/SPS_DW_5574CH_F.jpg","type":"image\/jpeg"}],"twitter_card":"summary_large_image","twitter_site":"@ventasmastertec","twitter_misc":{"Tiempo de lectura":"1 minuto"},"schema":{"@context":"https:\/\/schema.org","@graph":[{"@type":"WebPage","@id":"https:\/\/www.mastertecmx.com.mx\/tienda\/producto\/camisa-tradicional-de-manga-larga-mayoreo\/","url":"https:\/\/www.mastertecmx.com.mx\/tienda\/producto\/camisa-tradicional-de-manga-larga-mayoreo\/","name":"Camisa de Trabajo Tradicional De Manga Larga - Mayoreo - Tienda Mastertec","isPartOf":{"@id":"https:\/\/www.mastertecmx.com.mx\/tienda\/#website"},"primaryImageOfPage":{"@id":"https:\/\/www.mastertecmx.com.mx\/tienda\/producto\/camisa-tradicional-de-manga-larga-mayoreo\/#primaryimage"},"image":{"@id":"https:\/\/www.mastertecmx.com.mx\/tienda\/producto\/camisa-tradicional-de-manga-larga-mayoreo\/#primaryimage"},"thumbnailUrl":"https:\/\/www.mastertecmx.com.mx\/tienda\/wp-content\/uploads\/2021\/02\/SPS_DW_5574CH_F.jpg","datePublished":"2021-02-21T20:05:17+00:00","dateModified":"2022-05-31T20:41:27+00:00","breadcrumb":{"@id":"https:\/\/www.mastertecmx.com.mx\/tienda\/producto\/camisa-tradicional-de-manga-larga-mayoreo\/#breadcrumb"},"inLanguage":"es","potentialAction":[{"@type":"ReadAction","target":["https:\/\/www.mastertecmx.com.mx\/tienda\/producto\/camisa-tradicional-de-manga-larga-mayoreo\/"]}]},{"@type":"ImageObject","inLanguage":"es","@id":"https:\/\/www.mastertecmx.com.mx\/tienda\/producto\/camisa-tradicional-de-manga-larga-mayoreo\/#primaryimage","url":"https:\/\/www.mastertecmx.com.mx\/tienda\/wp-content\/uploads\/2021\/02\/SPS_DW_5574CH_F.jpg","contentUrl":"https:\/\/www.mastertecmx.com.mx\/tienda\/wp-content\/uploads\/2021\/02\/SPS_DW_5574CH_F.jpg","width":1200,"height":1200,"caption":"SPS_DW_5574CH_F"},{"@type":"BreadcrumbList","@id":"https:\/\/www.mastertecmx.com.mx\/tienda\/producto\/camisa-tradicional-de-manga-larga-mayoreo\/#breadcrumb","itemListElement":[{"@type":"ListItem","position":1,"name":"Inicio","item":"https:\/\/www.mastertecmx.com.mx\/tienda\/"},{"@type":"ListItem","position":2,"name":"Todos los Productos","item":"https:\/\/www.mastertecmx.com.mx\/tienda\/todos-los-productos\/"},{"@type":"ListItem","position":3,"name":"Camisa de Trabajo Tradicional De Manga Larga &#8211; Mayoreo"}]},{"@type":"WebSite","@id":"https:\/\/www.mastertecmx.com.mx\/tienda\/#website","url":"https:\/\/www.mastertecmx.com.mx\/tienda\/","name":"Tienda Mastertec","description":"Dickies,Red Kap, Dr\u00e4ger, Sk\u00f6ld, Blauer y Duramax","publisher":{"@id":"https:\/\/www.mastertecmx.com.mx\/tienda\/#organization"},"potentialAction":[{"@type":"SearchAction","target":{"@type":"EntryPoint","urlTemplate":"https:\/\/www.mastertecmx.com.mx\/tienda\/?s={search_term_string}"},"query-input":{"@type":"PropertyValueSpecification","valueRequired":true,"valueName":"search_term_string"}}],"inLanguage":"es"},{"@type":"Organization","@id":"https:\/\/www.mastertecmx.com.mx\/tienda\/#organization","name":"Tienda Mastertec","url":"https:\/\/www.mastertecmx.com.mx\/tienda\/","logo":{"@type":"ImageObject","inLanguage":"es","@id":"https:\/\/www.mastertecmx.com.mx\/tienda\/#\/schema\/logo\/image\/","url":"https:\/\/www.mastertecmx.com.mx\/tienda\/wp-content\/uploads\/2021\/01\/mttc-logo@2x.png","contentUrl":"https:\/\/www.mastertecmx.com.mx\/tienda\/wp-content\/uploads\/2021\/01\/mttc-logo@2x.png","width":200,"height":92,"caption":"Tienda Mastertec"},"image":{"@id":"https:\/\/www.mastertecmx.com.mx\/tienda\/#\/schema\/logo\/image\/"},"sameAs":["https:\/\/www.facebook.com\/mastertecmx","https:\/\/x.com\/ventasmastertec","https:\/\/www.instagram.com\/mastertecmexico","https:\/\/www.linkedin.com\/company\/37902264\/admin\/feed\/posts\/"]}]}},"_links":{"self":[{"href":"https:\/\/www.mastertecmx.com.mx\/tienda\/wp-json\/wp\/v2\/product\/3457","targetHints":{"allow":["GET"]}}],"collection":[{"href":"https:\/\/www.mastertecmx.com.mx\/tienda\/wp-json\/wp\/v2\/product"}],"about":[{"href":"https:\/\/www.mastertecmx.com.mx\/tienda\/wp-json\/wp\/v2\/types\/product"}],"replies":[{"embeddable":true,"href":"https:\/\/www.mastertecmx.com.mx\/tienda\/wp-json\/wp\/v2\/comments?post=3457"}],"wp:featuredmedia":[{"embeddable":true,"href":"https:\/\/www.mastertecmx.com.mx\/tienda\/wp-json\/wp\/v2\/media\/3463"}],"wp:attachment":[{"href":"https:\/\/www.mastertecmx.com.mx\/tienda\/wp-json\/wp\/v2\/media?parent=3457"}],"wp:term":[{"taxonomy":"product_brand","embeddable":true,"href":"https:\/\/www.mastertecmx.com.mx\/tienda\/wp-json\/wp\/v2\/product_brand?post=3457"},{"taxonomy":"product_cat","embeddable":true,"href":"https:\/\/www.mastertecmx.com.mx\/tienda\/wp-json\/wp\/v2\/product_cat?post=3457"},{"taxonomy":"product_tag","embeddable":true,"href":"https:\/\/www.mastertecmx.com.mx\/tienda\/wp-json\/wp\/v2\/product_tag?post=3457"}],"curies":[{"name":"wp","href":"https:\/\/api.w.org\/{rel}","templated":true}]}}