{"id":3536,"date":"2021-03-02T16:16:53","date_gmt":"2021-03-02T22:16:53","guid":{"rendered":"https:\/\/www.mastertecmx.com.mx\/tienda\/?post_type=product&#038;p=3536"},"modified":"2025-01-23T21:38:10","modified_gmt":"2025-01-24T03:38:10","slug":"polaina-viborera-sierra","status":"publish","type":"product","link":"https:\/\/www.mastertecmx.com.mx\/tienda\/producto\/polaina-viborera-sierra\/","title":{"rendered":"Polaina Viborera Sierra"},"content":{"rendered":"<p><span style=\"color: #de4600;\"><b style=\"color: #de4600;\">Disponible para <\/b><span style=\"color: #de4600;\"><b>envi\u00f3<\/b><\/span><b style=\"color: #de4600;\"> inmediato (3 a 5 d\u00edas h\u00e1biles)<\/b><\/span><\/p>\n<p><strong>Sierra<\/strong> es la soluci\u00f3n en protecci\u00f3n contra los peligros que surgen estando en el campo; espinas, superficies rugosas o puntiagudas ofreciendo una protecci\u00f3n extrema con la m\u00e1s alta comodidad al usuario desde el \u00e1rea del empeine hasta la rodilla.<\/p>\n<p>\u200bLas Polainas <strong>Sierra de Sk\u00f6ld<\/strong> se ajustan a cualquier tipo de calzado y cuentan con un cierre tipo Velcro de 2 pulgadas de ancho ofreciendo un cierre y ajuste total adhiri\u00e9ndose al contorno de la pierna del usuario.<\/p>\n<p><strong>Caracteristicas:<\/strong><\/p>\n<p>\u25a0\u00a0Talla Universal.<br \/>\n\u25a0\u00a0Dimensiones: Altura de la ca\u00f1a 40\u00a0cm, rodillera 10 cm,\u00a0&#8230;.per\u00edmetro 48.5 cm, protector de empeine 8\u00a0cm.<br \/>\n\u25a0\u00a0Peso: 800 gramos por par.<br \/>\n\u25a0\u00a0Totalmente flexibles.<br \/>\n\u25a0\u00a0Se cierran por detr\u00e1s con sistema de\u00a0velcro de 50cm.<br \/>\n\u25a0\u00a0Compuesta de 4 capas de Poliamida.<br \/>\n\u25a0\u00a0Una capa de Hi Tech Antipuncture fabric.<br \/>\n\u25a0\u00a0Costuras en fibra Ultraguard (Hilo\u00a0&#8230;altamente resistente\u00a0&#8230;.a la abrasi\u00f3n y al corte).<\/p>\n<p><strong>Aplicaciones:<\/strong><\/p>\n<p>\u25a0 Perforadores de pozos.<br \/>\n\u25a0 Trabajadores de campo.<br \/>\n\u25a0 Ganaderos.<br \/>\n\u25a0 Top\u00f3grafos.<br \/>\n\u25a0 Agr\u00f3nomos.<br \/>\n\u25a0 Bi\u00f3logos.<br \/>\n\u25a0 Cazadores.<br \/>\n\u25a0 Ge\u00f3logos.<br \/>\n\u25a0 Campistas.<\/p>\n","protected":false},"excerpt":{"rendered":"<p>Disponible para envi\u00f3 inmediato (3 a 5 d\u00edas h\u00e1biles) Sierra es la soluci\u00f3n en protecci\u00f3n contra los peligros que surgen estando en el campo; espinas, superficies rugosas o puntiagudas ofreciendo una protecci\u00f3n extrema con la m\u00e1s alta comodidad al usuario desde el \u00e1rea del empeine hasta la rodilla. \u200bLas Polainas Sierra de Sk\u00f6ld se ajustan &#8230;<\/p>\n","protected":false},"featured_media":3539,"menu_order":0,"comment_status":"open","ping_status":"closed","template":"","meta":[],"product_brand":[],"product_cat":[144,169],"product_tag":[],"class_list":{"0":"post-3536","1":"product","2":"type-product","3":"status-publish","4":"has-post-thumbnail","6":"product_cat-skold","7":"product_cat-polainas-viboreras","9":"first","10":"outofstock","11":"shipping-taxable","12":"purchasable","13":"product-type-simple"},"yoast_head":"<!-- This site is optimized with the Yoast SEO plugin v26.4 - https:\/\/yoast.com\/wordpress\/plugins\/seo\/ -->\n<title>Polaina Viborera Sierra - Tienda Mastertec<\/title>\n<meta name=\"robots\" content=\"index, follow, max-snippet:-1, max-image-preview:large, max-video-preview:-1\" \/>\n<link rel=\"canonical\" href=\"https:\/\/www.mastertecmx.com.mx\/tienda\/producto\/polaina-viborera-sierra\/\" \/>\n<meta property=\"og:locale\" content=\"es_MX\" \/>\n<meta property=\"og:type\" content=\"article\" \/>\n<meta property=\"og:title\" content=\"Polaina Viborera Sierra - Tienda Mastertec\" \/>\n<meta property=\"og:description\" content=\"Disponible para envi\u00f3 inmediato (3 a 5 d\u00edas h\u00e1biles) Sierra es la soluci\u00f3n en protecci\u00f3n contra los peligros que surgen estando en el campo; espinas, superficies rugosas o puntiagudas ofreciendo una protecci\u00f3n extrema con la m\u00e1s alta comodidad al usuario desde el \u00e1rea del empeine hasta la rodilla. \u200bLas Polainas Sierra de Sk\u00f6ld se ajustan ...\" \/>\n<meta property=\"og:url\" content=\"https:\/\/www.mastertecmx.com.mx\/tienda\/producto\/polaina-viborera-sierra\/\" \/>\n<meta property=\"og:site_name\" content=\"Tienda Mastertec\" \/>\n<meta property=\"article:publisher\" content=\"https:\/\/www.facebook.com\/mastertecmx\" \/>\n<meta property=\"article:modified_time\" content=\"2025-01-24T03:38:10+00:00\" \/>\n<meta property=\"og:image\" content=\"https:\/\/www.mastertecmx.com.mx\/tienda\/wp-content\/uploads\/2021\/03\/polainas-sierra.jpg\" \/>\n\t<meta property=\"og:image:width\" content=\"1200\" \/>\n\t<meta property=\"og:image:height\" content=\"1200\" \/>\n\t<meta property=\"og:image:type\" content=\"image\/jpeg\" \/>\n<meta name=\"twitter:card\" content=\"summary_large_image\" \/>\n<meta name=\"twitter:site\" content=\"@ventasmastertec\" \/>\n<meta name=\"twitter:label1\" content=\"Tiempo de lectura\" \/>\n\t<meta name=\"twitter:data1\" content=\"2 minutos\" \/>\n<script type=\"application\/ld+json\" class=\"yoast-schema-graph\">{\"@context\":\"https:\/\/schema.org\",\"@graph\":[{\"@type\":\"WebPage\",\"@id\":\"https:\/\/www.mastertecmx.com.mx\/tienda\/producto\/polaina-viborera-sierra\/\",\"url\":\"https:\/\/www.mastertecmx.com.mx\/tienda\/producto\/polaina-viborera-sierra\/\",\"name\":\"Polaina Viborera Sierra - Tienda Mastertec\",\"isPartOf\":{\"@id\":\"https:\/\/www.mastertecmx.com.mx\/tienda\/#website\"},\"primaryImageOfPage\":{\"@id\":\"https:\/\/www.mastertecmx.com.mx\/tienda\/producto\/polaina-viborera-sierra\/#primaryimage\"},\"image\":{\"@id\":\"https:\/\/www.mastertecmx.com.mx\/tienda\/producto\/polaina-viborera-sierra\/#primaryimage\"},\"thumbnailUrl\":\"https:\/\/www.mastertecmx.com.mx\/tienda\/wp-content\/uploads\/2021\/03\/polainas-sierra.jpg\",\"datePublished\":\"2021-03-02T22:16:53+00:00\",\"dateModified\":\"2025-01-24T03:38:10+00:00\",\"breadcrumb\":{\"@id\":\"https:\/\/www.mastertecmx.com.mx\/tienda\/producto\/polaina-viborera-sierra\/#breadcrumb\"},\"inLanguage\":\"es\",\"potentialAction\":[{\"@type\":\"ReadAction\",\"target\":[\"https:\/\/www.mastertecmx.com.mx\/tienda\/producto\/polaina-viborera-sierra\/\"]}]},{\"@type\":\"ImageObject\",\"inLanguage\":\"es\",\"@id\":\"https:\/\/www.mastertecmx.com.mx\/tienda\/producto\/polaina-viborera-sierra\/#primaryimage\",\"url\":\"https:\/\/www.mastertecmx.com.mx\/tienda\/wp-content\/uploads\/2021\/03\/polainas-sierra.jpg\",\"contentUrl\":\"https:\/\/www.mastertecmx.com.mx\/tienda\/wp-content\/uploads\/2021\/03\/polainas-sierra.jpg\",\"width\":1200,\"height\":1200,\"caption\":\"polainas-sierra\"},{\"@type\":\"BreadcrumbList\",\"@id\":\"https:\/\/www.mastertecmx.com.mx\/tienda\/producto\/polaina-viborera-sierra\/#breadcrumb\",\"itemListElement\":[{\"@type\":\"ListItem\",\"position\":1,\"name\":\"Inicio\",\"item\":\"https:\/\/www.mastertecmx.com.mx\/tienda\/\"},{\"@type\":\"ListItem\",\"position\":2,\"name\":\"Todos los Productos\",\"item\":\"https:\/\/www.mastertecmx.com.mx\/tienda\/todos-los-productos\/\"},{\"@type\":\"ListItem\",\"position\":3,\"name\":\"Polaina Viborera Sierra\"}]},{\"@type\":\"WebSite\",\"@id\":\"https:\/\/www.mastertecmx.com.mx\/tienda\/#website\",\"url\":\"https:\/\/www.mastertecmx.com.mx\/tienda\/\",\"name\":\"Tienda Mastertec\",\"description\":\"Dickies,Red Kap, Dr\u00e4ger, Sk\u00f6ld, Blauer y Duramax\",\"publisher\":{\"@id\":\"https:\/\/www.mastertecmx.com.mx\/tienda\/#organization\"},\"potentialAction\":[{\"@type\":\"SearchAction\",\"target\":{\"@type\":\"EntryPoint\",\"urlTemplate\":\"https:\/\/www.mastertecmx.com.mx\/tienda\/?s={search_term_string}\"},\"query-input\":{\"@type\":\"PropertyValueSpecification\",\"valueRequired\":true,\"valueName\":\"search_term_string\"}}],\"inLanguage\":\"es\"},{\"@type\":\"Organization\",\"@id\":\"https:\/\/www.mastertecmx.com.mx\/tienda\/#organization\",\"name\":\"Tienda Mastertec\",\"url\":\"https:\/\/www.mastertecmx.com.mx\/tienda\/\",\"logo\":{\"@type\":\"ImageObject\",\"inLanguage\":\"es\",\"@id\":\"https:\/\/www.mastertecmx.com.mx\/tienda\/#\/schema\/logo\/image\/\",\"url\":\"https:\/\/www.mastertecmx.com.mx\/tienda\/wp-content\/uploads\/2021\/01\/mttc-logo@2x.png\",\"contentUrl\":\"https:\/\/www.mastertecmx.com.mx\/tienda\/wp-content\/uploads\/2021\/01\/mttc-logo@2x.png\",\"width\":200,\"height\":92,\"caption\":\"Tienda Mastertec\"},\"image\":{\"@id\":\"https:\/\/www.mastertecmx.com.mx\/tienda\/#\/schema\/logo\/image\/\"},\"sameAs\":[\"https:\/\/www.facebook.com\/mastertecmx\",\"https:\/\/x.com\/ventasmastertec\",\"https:\/\/www.instagram.com\/mastertecmexico\",\"https:\/\/www.linkedin.com\/company\/37902264\/admin\/feed\/posts\/\"]}]}<\/script>\n<!-- \/ Yoast SEO plugin. -->","yoast_head_json":{"title":"Polaina Viborera Sierra - Tienda Mastertec","robots":{"index":"index","follow":"follow","max-snippet":"max-snippet:-1","max-image-preview":"max-image-preview:large","max-video-preview":"max-video-preview:-1"},"canonical":"https:\/\/www.mastertecmx.com.mx\/tienda\/producto\/polaina-viborera-sierra\/","og_locale":"es_MX","og_type":"article","og_title":"Polaina Viborera Sierra - Tienda Mastertec","og_description":"Disponible para envi\u00f3 inmediato (3 a 5 d\u00edas h\u00e1biles) Sierra es la soluci\u00f3n en protecci\u00f3n contra los peligros que surgen estando en el campo; espinas, superficies rugosas o puntiagudas ofreciendo una protecci\u00f3n extrema con la m\u00e1s alta comodidad al usuario desde el \u00e1rea del empeine hasta la rodilla. \u200bLas Polainas Sierra de Sk\u00f6ld se ajustan ...","og_url":"https:\/\/www.mastertecmx.com.mx\/tienda\/producto\/polaina-viborera-sierra\/","og_site_name":"Tienda Mastertec","article_publisher":"https:\/\/www.facebook.com\/mastertecmx","article_modified_time":"2025-01-24T03:38:10+00:00","og_image":[{"width":1200,"height":1200,"url":"https:\/\/www.mastertecmx.com.mx\/tienda\/wp-content\/uploads\/2021\/03\/polainas-sierra.jpg","type":"image\/jpeg"}],"twitter_card":"summary_large_image","twitter_site":"@ventasmastertec","twitter_misc":{"Tiempo de lectura":"2 minutos"},"schema":{"@context":"https:\/\/schema.org","@graph":[{"@type":"WebPage","@id":"https:\/\/www.mastertecmx.com.mx\/tienda\/producto\/polaina-viborera-sierra\/","url":"https:\/\/www.mastertecmx.com.mx\/tienda\/producto\/polaina-viborera-sierra\/","name":"Polaina Viborera Sierra - Tienda Mastertec","isPartOf":{"@id":"https:\/\/www.mastertecmx.com.mx\/tienda\/#website"},"primaryImageOfPage":{"@id":"https:\/\/www.mastertecmx.com.mx\/tienda\/producto\/polaina-viborera-sierra\/#primaryimage"},"image":{"@id":"https:\/\/www.mastertecmx.com.mx\/tienda\/producto\/polaina-viborera-sierra\/#primaryimage"},"thumbnailUrl":"https:\/\/www.mastertecmx.com.mx\/tienda\/wp-content\/uploads\/2021\/03\/polainas-sierra.jpg","datePublished":"2021-03-02T22:16:53+00:00","dateModified":"2025-01-24T03:38:10+00:00","breadcrumb":{"@id":"https:\/\/www.mastertecmx.com.mx\/tienda\/producto\/polaina-viborera-sierra\/#breadcrumb"},"inLanguage":"es","potentialAction":[{"@type":"ReadAction","target":["https:\/\/www.mastertecmx.com.mx\/tienda\/producto\/polaina-viborera-sierra\/"]}]},{"@type":"ImageObject","inLanguage":"es","@id":"https:\/\/www.mastertecmx.com.mx\/tienda\/producto\/polaina-viborera-sierra\/#primaryimage","url":"https:\/\/www.mastertecmx.com.mx\/tienda\/wp-content\/uploads\/2021\/03\/polainas-sierra.jpg","contentUrl":"https:\/\/www.mastertecmx.com.mx\/tienda\/wp-content\/uploads\/2021\/03\/polainas-sierra.jpg","width":1200,"height":1200,"caption":"polainas-sierra"},{"@type":"BreadcrumbList","@id":"https:\/\/www.mastertecmx.com.mx\/tienda\/producto\/polaina-viborera-sierra\/#breadcrumb","itemListElement":[{"@type":"ListItem","position":1,"name":"Inicio","item":"https:\/\/www.mastertecmx.com.mx\/tienda\/"},{"@type":"ListItem","position":2,"name":"Todos los Productos","item":"https:\/\/www.mastertecmx.com.mx\/tienda\/todos-los-productos\/"},{"@type":"ListItem","position":3,"name":"Polaina Viborera Sierra"}]},{"@type":"WebSite","@id":"https:\/\/www.mastertecmx.com.mx\/tienda\/#website","url":"https:\/\/www.mastertecmx.com.mx\/tienda\/","name":"Tienda Mastertec","description":"Dickies,Red Kap, Dr\u00e4ger, Sk\u00f6ld, Blauer y Duramax","publisher":{"@id":"https:\/\/www.mastertecmx.com.mx\/tienda\/#organization"},"potentialAction":[{"@type":"SearchAction","target":{"@type":"EntryPoint","urlTemplate":"https:\/\/www.mastertecmx.com.mx\/tienda\/?s={search_term_string}"},"query-input":{"@type":"PropertyValueSpecification","valueRequired":true,"valueName":"search_term_string"}}],"inLanguage":"es"},{"@type":"Organization","@id":"https:\/\/www.mastertecmx.com.mx\/tienda\/#organization","name":"Tienda Mastertec","url":"https:\/\/www.mastertecmx.com.mx\/tienda\/","logo":{"@type":"ImageObject","inLanguage":"es","@id":"https:\/\/www.mastertecmx.com.mx\/tienda\/#\/schema\/logo\/image\/","url":"https:\/\/www.mastertecmx.com.mx\/tienda\/wp-content\/uploads\/2021\/01\/mttc-logo@2x.png","contentUrl":"https:\/\/www.mastertecmx.com.mx\/tienda\/wp-content\/uploads\/2021\/01\/mttc-logo@2x.png","width":200,"height":92,"caption":"Tienda Mastertec"},"image":{"@id":"https:\/\/www.mastertecmx.com.mx\/tienda\/#\/schema\/logo\/image\/"},"sameAs":["https:\/\/www.facebook.com\/mastertecmx","https:\/\/x.com\/ventasmastertec","https:\/\/www.instagram.com\/mastertecmexico","https:\/\/www.linkedin.com\/company\/37902264\/admin\/feed\/posts\/"]}]}},"_links":{"self":[{"href":"https:\/\/www.mastertecmx.com.mx\/tienda\/wp-json\/wp\/v2\/product\/3536","targetHints":{"allow":["GET"]}}],"collection":[{"href":"https:\/\/www.mastertecmx.com.mx\/tienda\/wp-json\/wp\/v2\/product"}],"about":[{"href":"https:\/\/www.mastertecmx.com.mx\/tienda\/wp-json\/wp\/v2\/types\/product"}],"replies":[{"embeddable":true,"href":"https:\/\/www.mastertecmx.com.mx\/tienda\/wp-json\/wp\/v2\/comments?post=3536"}],"wp:featuredmedia":[{"embeddable":true,"href":"https:\/\/www.mastertecmx.com.mx\/tienda\/wp-json\/wp\/v2\/media\/3539"}],"wp:attachment":[{"href":"https:\/\/www.mastertecmx.com.mx\/tienda\/wp-json\/wp\/v2\/media?parent=3536"}],"wp:term":[{"taxonomy":"product_brand","embeddable":true,"href":"https:\/\/www.mastertecmx.com.mx\/tienda\/wp-json\/wp\/v2\/product_brand?post=3536"},{"taxonomy":"product_cat","embeddable":true,"href":"https:\/\/www.mastertecmx.com.mx\/tienda\/wp-json\/wp\/v2\/product_cat?post=3536"},{"taxonomy":"product_tag","embeddable":true,"href":"https:\/\/www.mastertecmx.com.mx\/tienda\/wp-json\/wp\/v2\/product_tag?post=3536"}],"curies":[{"name":"wp","href":"https:\/\/api.w.org\/{rel}","templated":true}]}}